{"id":643730,"date":"2025-04-03T21:51:04","date_gmt":"2025-04-03T20:51:04","guid":{"rendered":"https:\/\/shop.kustom.ch\/?post_type=product&#038;p=643730"},"modified":"2026-03-31T11:24:47","modified_gmt":"2026-03-31T10:24:47","slug":"txlite-melange-polo-man","status":"publish","type":"product","link":"https:\/\/shop.kustom.ch\/fr\/produit\/txlite-melange-polo-man\/","title":{"rendered":"TXlite Melange Polo Man"},"content":{"rendered":"<p>Le TXlite Melange Polo est un polo styl\u00e9 \u00e0 s\u00e9chage rapide avec un col classique et un look \u00e0 trois boutons en 100 polyester recycl\u00e9 %. Il est dot\u00e9 d'un logo Tenson discret sur la poitrine et d'une fente sur les c\u00f4t\u00e9s pour une plus grande libert\u00e9 de mouvement.<\/p>\n<p>- S\u00e9chage rapide<br \/>\n- R\u00e9siste \u00e0 l'humidit\u00e9<\/p>\n<p>Mati\u00e8re : 100% polyester recycl\u00e9<\/p>","protected":false},"excerpt":{"rendered":"<p>Das TXlite Melange Polo ist ein stylisches, schnelltrocknendes Poloshirt mit klassischem Kragen und Drei-Knopf-Look aus 100 % recyceltem Polyester. Es verf\u00fcgt \u00fcber ein diskretes Tenson-Logo auf der Brust und einen Schlitz an den Seiten f\u00fcr mehr Bewegungsfreiheit. \u2022 Schnell trocknend \u2022 Feuchtigkeitsabweisend Material: 100% Recycling-Polyester<\/p>","protected":false},"featured_media":643790,"template":"","meta":[],"product_brand":[],"product_cat":[4193],"product_tag":[],"class_list":{"0":"post-643730","1":"product","2":"type-product","3":"status-publish","4":"has-post-thumbnail","6":"product_cat-polos","7":"pa_brand-tenson","8":"pa_brand-type-sportswear","9":"pa_filter-color-blau","10":"pa_filter-color-gruen","11":"pa_filter-color-schwarz","13":"first","14":"instock","15":"sale","16":"taxable","17":"shipping-taxable","18":"purchasable","19":"product-type-variable","20":"add-to-wishlist-before_image"},"exclude_global_add_ons":[],"addons":[],"acf":[],"_links":{"self":[{"href":"https:\/\/shop.kustom.ch\/fr\/wp-json\/wp\/v2\/product\/643730"}],"collection":[{"href":"https:\/\/shop.kustom.ch\/fr\/wp-json\/wp\/v2\/product"}],"about":[{"href":"https:\/\/shop.kustom.ch\/fr\/wp-json\/wp\/v2\/types\/product"}],"wp:featuredmedia":[{"embeddable":true,"href":"https:\/\/shop.kustom.ch\/fr\/wp-json\/wp\/v2\/media\/643790"}],"wp:attachment":[{"href":"https:\/\/shop.kustom.ch\/fr\/wp-json\/wp\/v2\/media?parent=643730"}],"wp:term":[{"taxonomy":"product_brand","embeddable":true,"href":"https:\/\/shop.kustom.ch\/fr\/wp-json\/wp\/v2\/product_brand?post=643730"},{"taxonomy":"product_cat","embeddable":true,"href":"https:\/\/shop.kustom.ch\/fr\/wp-json\/wp\/v2\/product_cat?post=643730"},{"taxonomy":"product_tag","embeddable":true,"href":"https:\/\/shop.kustom.ch\/fr\/wp-json\/wp\/v2\/product_tag?post=643730"}],"curies":[{"name":"wp","href":"https:\/\/api.w.org\/{rel}","templated":true}]}}