{"id":643729,"date":"2025-04-03T21:51:04","date_gmt":"2025-04-03T20:51:04","guid":{"rendered":"https:\/\/shop.kustom.ch\/?post_type=product&#038;p=643729"},"modified":"2026-03-31T11:23:44","modified_gmt":"2026-03-31T10:23:44","slug":"txlite-hybrid-vest-woman","status":"publish","type":"product","link":"https:\/\/shop.kustom.ch\/fr\/produit\/txlite-hybrid-vest-woman\/","title":{"rendered":"Gilet hybride TXlite Woman"},"content":{"rendered":"<p>Ce gilet l\u00e9ger de la s\u00e9rie TXlite est un mod\u00e8le midlayer parfait, facile \u00e0 emballer et \u00e0 emporter. Les faces avant et arri\u00e8re sont compos\u00e9es d'un tissu matelass\u00e9 extensible avec un l\u00e9ger rembourrage en polyamide 10%. Les c\u00f4t\u00e9s sont en polyester 90% et en \u00e9lasthanne 10%. La taille et les emmanchures sont dot\u00e9es d'\u00e9lastiques. Le mod\u00e8le dispose \u00e9galement de deux poches avant avec fermeture \u00e0 glissi\u00e8re. Le gilet est coupe-vent et poss\u00e8de un col relev\u00e9 qui prot\u00e8ge le cou. Portez ce gilet l\u00e9ger avec nos pantalons et nos vestes coquille. Lors de voyages plus longs, vous pouvez porter ce gilet comme couche interm\u00e9diaire chaude ou s\u00e9par\u00e9ment lorsque la temp\u00e9rature augmente.<\/p>\n<p>- Confort de puissance<br \/>\n- S\u00e9chage rapide<br \/>\n- \u00c9tirement<\/p>\n<p>Mati\u00e8re : Mati\u00e8re 1 : 90% polyester, 10% \u00e9lasthanne. Mati\u00e8re 2 : 100% polyamide. Rembourrage : 100% polyester<\/p>","protected":false},"excerpt":{"rendered":"<p>Diese leichte Weste aus der TXlite-Serie ist ein perfektes Midlayermodell, das sich leicht einpacken und mitnehmen l\u00e4sst. Die Vorder- und R\u00fcckseite bestehen aus einem dehnbaren gesteppten Stoff mit leichter Wattierung aus 10% Polyamid. Die Seiten bestehen aus 90% Polyester und 10% Elasthan. Sowohl die Taille als auch die Armausschnitte sind mit Gummiz\u00fcgen versehen. Ferner verf\u00fcgt [&hellip;]<\/p>\n","protected":false},"featured_media":643774,"template":"","meta":[],"product_brand":[],"product_cat":[4208],"product_tag":[],"class_list":{"0":"post-643729","1":"product","2":"type-product","3":"status-publish","4":"has-post-thumbnail","6":"product_cat-westen","7":"pa_brand-tenson","8":"pa_brand-type-sportswear","9":"pa_filter-color-blau","10":"pa_filter-color-schwarz","12":"first","13":"instock","14":"sale","15":"taxable","16":"shipping-taxable","17":"purchasable","18":"product-type-variable","19":"add-to-wishlist-before_image"},"exclude_global_add_ons":[],"addons":[],"acf":[],"_links":{"self":[{"href":"https:\/\/shop.kustom.ch\/fr\/wp-json\/wp\/v2\/product\/643729"}],"collection":[{"href":"https:\/\/shop.kustom.ch\/fr\/wp-json\/wp\/v2\/product"}],"about":[{"href":"https:\/\/shop.kustom.ch\/fr\/wp-json\/wp\/v2\/types\/product"}],"wp:featuredmedia":[{"embeddable":true,"href":"https:\/\/shop.kustom.ch\/fr\/wp-json\/wp\/v2\/media\/643774"}],"wp:attachment":[{"href":"https:\/\/shop.kustom.ch\/fr\/wp-json\/wp\/v2\/media?parent=643729"}],"wp:term":[{"taxonomy":"product_brand","embeddable":true,"href":"https:\/\/shop.kustom.ch\/fr\/wp-json\/wp\/v2\/product_brand?post=643729"},{"taxonomy":"product_cat","embeddable":true,"href":"https:\/\/shop.kustom.ch\/fr\/wp-json\/wp\/v2\/product_cat?post=643729"},{"taxonomy":"product_tag","embeddable":true,"href":"https:\/\/shop.kustom.ch\/fr\/wp-json\/wp\/v2\/product_tag?post=643729"}],"curies":[{"name":"wp","href":"https:\/\/api.w.org\/{rel}","templated":true}]}}