{"id":643663,"date":"2025-04-03T21:50:35","date_gmt":"2025-04-03T20:50:35","guid":{"rendered":"https:\/\/shop.kustom.ch\/?post_type=product&#038;p=643663"},"modified":"2026-03-31T11:27:49","modified_gmt":"2026-03-31T10:27:49","slug":"txlite-hybrid-jacket-men","status":"publish","type":"product","link":"https:\/\/shop.kustom.ch\/fr\/produit\/txlite-hybrid-jacket-men\/","title":{"rendered":"Veste hybride TXlite Men"},"content":{"rendered":"<p>La TXlite Hybrid Zip est la veste midlayer parfaite, fabriqu\u00e9e dans une mati\u00e8re confortable et extensible, mais l\u00e9g\u00e8re comme une plume et facile \u00e0 emballer. Porte-la s\u00e9par\u00e9ment ou, les jours plus froids, sous une shell ou une veste de pluie. Elle est dot\u00e9e de manches prolong\u00e9es avec des coudes pr\u00e9form\u00e9s et des trous pour les pouces qui emp\u00eachent les manches de se coincer sous votre veste. Le tissu s\u00e8che rapidement et dispose d'une isolation matelass\u00e9e \u00e0 l'avant et \u00e0 l'arri\u00e8re pour que vous ayez extra chaud. Les deux poches avant sont munies de fermetures \u00e0 glissi\u00e8re pour que vous ne perdiez rien.<\/p>\n<p>- Confort de puissance<br \/>\n- S\u00e9chage rapide<br \/>\n- \u00c9tirement<\/p>\n<p>Mati\u00e8re : Mati\u00e8re 1 : 90% polyester, 10% \u00e9lasthanne. Mati\u00e8re 2 : 100% polyamide. Rembourrage : 100% polyester<\/p>","protected":false},"excerpt":{"rendered":"<p>Die TXlite Hybrid Zip ist die perfekte Midlayer-Jacke aus einem bequemen, dehnbaren, dabei aber federleichten und einfach zu verpackenden Material. Tragen Sie sie separat oder an k\u00e4lteren Tagen unter einer Shell- oder Regenjacke. Sie verf\u00fcgt \u00fcber verl\u00e4ngerte \u00c4rmel mit vorgeformten Ellbogen und Daumenl\u00f6cher, die verhindern, dass sich die \u00c4rmel unter Ihrer Jacke verfangen. Das Material [&hellip;]<\/p>\n","protected":false},"featured_media":643731,"template":"","meta":[],"product_brand":[],"product_cat":[4191],"product_tag":[],"class_list":{"0":"post-643663","1":"product","2":"type-product","3":"status-publish","4":"has-post-thumbnail","6":"product_cat-longsleeves-sweatshirts","7":"pa_brand-tenson","8":"pa_brand-type-sportswear","9":"pa_filter-color-blau","10":"pa_filter-color-schwarz","12":"first","13":"instock","14":"sale","15":"taxable","16":"shipping-taxable","17":"purchasable","18":"product-type-variable","19":"add-to-wishlist-before_image"},"exclude_global_add_ons":[],"addons":[],"acf":[],"_links":{"self":[{"href":"https:\/\/shop.kustom.ch\/fr\/wp-json\/wp\/v2\/product\/643663"}],"collection":[{"href":"https:\/\/shop.kustom.ch\/fr\/wp-json\/wp\/v2\/product"}],"about":[{"href":"https:\/\/shop.kustom.ch\/fr\/wp-json\/wp\/v2\/types\/product"}],"wp:featuredmedia":[{"embeddable":true,"href":"https:\/\/shop.kustom.ch\/fr\/wp-json\/wp\/v2\/media\/643731"}],"wp:attachment":[{"href":"https:\/\/shop.kustom.ch\/fr\/wp-json\/wp\/v2\/media?parent=643663"}],"wp:term":[{"taxonomy":"product_brand","embeddable":true,"href":"https:\/\/shop.kustom.ch\/fr\/wp-json\/wp\/v2\/product_brand?post=643663"},{"taxonomy":"product_cat","embeddable":true,"href":"https:\/\/shop.kustom.ch\/fr\/wp-json\/wp\/v2\/product_cat?post=643663"},{"taxonomy":"product_tag","embeddable":true,"href":"https:\/\/shop.kustom.ch\/fr\/wp-json\/wp\/v2\/product_tag?post=643663"}],"curies":[{"name":"wp","href":"https:\/\/api.w.org\/{rel}","templated":true}]}}