{"id":643662,"date":"2025-04-03T21:50:35","date_gmt":"2025-04-03T20:50:35","guid":{"rendered":"https:\/\/shop.kustom.ch\/?post_type=product&#038;p=643662"},"modified":"2026-03-31T11:24:55","modified_gmt":"2026-03-31T10:24:55","slug":"txlite-flex-shorts-woman","status":"publish","type":"product","link":"https:\/\/shop.kustom.ch\/fr\/produit\/txlite-flex-shorts-woman\/","title":{"rendered":"TXlite Flex Shorts Woman"},"content":{"rendered":"<p>Short de randonn\u00e9e extr\u00eamement confortable et styl\u00e9 en mati\u00e8re stretch quadridirectionnelle r\u00e9sistante pour les activit\u00e9s de plein air normales comme la p\u00eache, la randonn\u00e9e, la chasse ou tout simplement pour une sortie en ville. Gr\u00e2ce \u00e0 leur mat\u00e9riau stretch confortable, ils sont tr\u00e8s agr\u00e9ables \u00e0 porter et faciles \u00e0 ranger. Les quatre poches \u00e0 fermeture \u00e9clair permettent de ranger les objets les plus importants comme votre t\u00e9l\u00e9phone portable et votre portefeuille. Coupe ajust\u00e9e : choisissez une taille au-dessus pour une coupe plut\u00f4t d\u00e9contract\u00e9e. La s\u00e9rie TXlite de Tenson se compose de v\u00eatements l\u00e9gers et compressibles pour les activit\u00e9s de plein air normales lors de voyages d'aventure. Avec un rev\u00eatement d\u00e9perlant sans PFC.<\/p>\n<p>- stretch quadri-directionnel<br \/>\n- R\u00e9sistant \u00e0 l'usure<br \/>\n- S\u00e9chage rapide<br \/>\n- R\u00e9siste \u00e0 l'humidit\u00e9<\/p>\n<p>Mati\u00e8re : 92% polyamide, 8% \u00e9lasthanne<\/p>","protected":false},"excerpt":{"rendered":"<p>\u00c4usserst bequeme, stylische Wandershorts aus strapazierf\u00e4higem Vier-Wege-Stretch-Material f\u00fcr normale Outdoor-Aktivit\u00e4ten wie Angeln, Wandern, Jagen oder einfach nur f\u00fcr einen Ausflug in die Stadt. Dank ihres bequemen Stretchmaterials sind sie sehr angenehm zu tragen und leicht zu verstauen. Die vier Reissverschlusstaschen bieten Platz f\u00fcr die wichtigsten Dinge wie Ihr Handy und Ihre Brieftasche. Eng anliegende Passform: [&hellip;]<\/p>\n","protected":false},"featured_media":643706,"template":"","meta":[],"product_brand":[],"product_cat":[4198],"product_tag":[],"class_list":{"0":"post-643662","1":"product","2":"type-product","3":"status-publish","4":"has-post-thumbnail","6":"product_cat-shorts","7":"pa_brand-tenson","8":"pa_brand-type-sportswear","9":"pa_filter-color-blau","10":"pa_filter-color-gruen","11":"pa_filter-color-schwarz","13":"first","14":"instock","15":"sale","16":"taxable","17":"shipping-taxable","18":"purchasable","19":"product-type-variable","20":"add-to-wishlist-before_image"},"exclude_global_add_ons":[],"addons":[],"acf":[],"_links":{"self":[{"href":"https:\/\/shop.kustom.ch\/fr\/wp-json\/wp\/v2\/product\/643662"}],"collection":[{"href":"https:\/\/shop.kustom.ch\/fr\/wp-json\/wp\/v2\/product"}],"about":[{"href":"https:\/\/shop.kustom.ch\/fr\/wp-json\/wp\/v2\/types\/product"}],"wp:featuredmedia":[{"embeddable":true,"href":"https:\/\/shop.kustom.ch\/fr\/wp-json\/wp\/v2\/media\/643706"}],"wp:attachment":[{"href":"https:\/\/shop.kustom.ch\/fr\/wp-json\/wp\/v2\/media?parent=643662"}],"wp:term":[{"taxonomy":"product_brand","embeddable":true,"href":"https:\/\/shop.kustom.ch\/fr\/wp-json\/wp\/v2\/product_brand?post=643662"},{"taxonomy":"product_cat","embeddable":true,"href":"https:\/\/shop.kustom.ch\/fr\/wp-json\/wp\/v2\/product_cat?post=643662"},{"taxonomy":"product_tag","embeddable":true,"href":"https:\/\/shop.kustom.ch\/fr\/wp-json\/wp\/v2\/product_tag?post=643662"}],"curies":[{"name":"wp","href":"https:\/\/api.w.org\/{rel}","templated":true}]}}