{"id":643612,"date":"2025-04-03T21:50:03","date_gmt":"2025-04-03T20:50:03","guid":{"rendered":"https:\/\/shop.kustom.ch\/?post_type=product&#038;p=643612"},"modified":"2026-03-31T11:25:47","modified_gmt":"2026-03-31T10:25:47","slug":"txlite-flex-pants-woman","status":"publish","type":"product","link":"https:\/\/shop.kustom.ch\/fr\/produit\/txlite-flex-pants-woman\/","title":{"rendered":"TXlite Flex Pants Woman"},"content":{"rendered":"<p>Pantalon de randonn\u00e9e de tous les jours extr\u00eamement confortable et styl\u00e9, fabriqu\u00e9 dans un mat\u00e9riau stretch r\u00e9sistant \u00e0 quatre voies, avec une taille et des chevilles r\u00e9glables, des genoux pr\u00e9form\u00e9s et une excellente ventilation. Avec des zones renforc\u00e9es, quatre poches \u00e0 fermeture \u00e9clair et un crochet de botte amovible qui maintient le pantalon en place. La s\u00e9rie TXlite de Tenson se compose de v\u00eatements l\u00e9gers et compressibles pour les activit\u00e9s de plein air normales lors de voyages d'aventure. Avec un rev\u00eatement d\u00e9perlant sans PFC.<\/p>\n<p>- stretch quadri-directionnel<br \/>\n- R\u00e9sistant \u00e0 l'usure<br \/>\n- S\u00e9chage rapide<br \/>\n- R\u00e9siste \u00e0 l'humidit\u00e9<\/p>\n<p>Mati\u00e8re : 92% polyamide, 8% \u00e9lasthanne<\/p>","protected":false},"excerpt":{"rendered":"<p>\u00c4usserst bequeme, stylische Alltags-Wanderhose aus strapazierf\u00e4higem Vier-Wege-Stretch-Material mit verstellbarem Taillenbund und Kn\u00f6chelb\u00fcndchen, vorgeformten Knien und ausgezeichneter Bel\u00fcftung. Mit verst\u00e4rkten Zonen, vier Reissverschlusstaschen und einem abnehmbaren Stiefel haken, der die Hose festh\u00e4lt. Die TXlite-Serie von Tenson besteht aus leichter, verpackbarer Bekleidung f\u00fcr normale Outdoor-Aktivit\u00e4ten auf Abenteuerreisen. Mit PFC-freier wasserabweisender Beschichtung. \u2022 Vier-Wege-Stretch \u2022 Strapazierf\u00e4hig \u2022 Schnell [&hellip;]<\/p>\n","protected":false},"featured_media":643664,"template":"","meta":[],"product_brand":[],"product_cat":[4185],"product_tag":[],"class_list":{"0":"post-643612","1":"product","2":"type-product","3":"status-publish","4":"has-post-thumbnail","6":"product_cat-hosen","7":"pa_brand-tenson","8":"pa_brand-type-sportswear","9":"pa_filter-color-blau","10":"pa_filter-color-gruen","11":"pa_filter-color-schwarz","13":"first","14":"instock","15":"sale","16":"taxable","17":"shipping-taxable","18":"purchasable","19":"product-type-variable","20":"add-to-wishlist-before_image"},"exclude_global_add_ons":[],"addons":[],"acf":[],"_links":{"self":[{"href":"https:\/\/shop.kustom.ch\/fr\/wp-json\/wp\/v2\/product\/643612"}],"collection":[{"href":"https:\/\/shop.kustom.ch\/fr\/wp-json\/wp\/v2\/product"}],"about":[{"href":"https:\/\/shop.kustom.ch\/fr\/wp-json\/wp\/v2\/types\/product"}],"wp:featuredmedia":[{"embeddable":true,"href":"https:\/\/shop.kustom.ch\/fr\/wp-json\/wp\/v2\/media\/643664"}],"wp:attachment":[{"href":"https:\/\/shop.kustom.ch\/fr\/wp-json\/wp\/v2\/media?parent=643612"}],"wp:term":[{"taxonomy":"product_brand","embeddable":true,"href":"https:\/\/shop.kustom.ch\/fr\/wp-json\/wp\/v2\/product_brand?post=643612"},{"taxonomy":"product_cat","embeddable":true,"href":"https:\/\/shop.kustom.ch\/fr\/wp-json\/wp\/v2\/product_cat?post=643612"},{"taxonomy":"product_tag","embeddable":true,"href":"https:\/\/shop.kustom.ch\/fr\/wp-json\/wp\/v2\/product_tag?post=643612"}],"curies":[{"name":"wp","href":"https:\/\/api.w.org\/{rel}","templated":true}]}}