{"id":643568,"date":"2025-04-03T21:49:32","date_gmt":"2025-04-03T20:49:32","guid":{"rendered":"https:\/\/shop.kustom.ch\/?post_type=product&#038;p=643568"},"modified":"2026-03-31T11:25:23","modified_gmt":"2026-03-31T10:25:23","slug":"txlite-adventure-pants-man","status":"publish","type":"product","link":"https:\/\/shop.kustom.ch\/fr\/produit\/txlite-adventure-pants-man\/","title":{"rendered":"TXlite Adventure Pants Man"},"content":{"rendered":"<p>Pantalon stretch de plein air r\u00e9sistant, \u00e0 la mode et \u00e0 s\u00e9chage rapide, parfait pour votre quotidien et pour les aventures en plein air avec votre famille et vos amis. La taille est r\u00e9glable pour que le pantalon soit toujours bien ajust\u00e9.Les deux poches avant sont munies de fermetures \u00e0 glissi\u00e8re pour que vous puissiez ranger votre t\u00e9l\u00e9phone, votre portefeuille et vos cl\u00e9s en toute s\u00e9curit\u00e9. Deux poches arri\u00e8re suppl\u00e9mentaires offrent un espace de rangement suppl\u00e9mentaire. Ce pantalon est fabriqu\u00e9 dans un tissu l\u00e9ger et peut donc \u00eatre rang\u00e9 m\u00eame dans la plus petite poche - parfait pour les longues randonn\u00e9es lorsque le temps est capricieux. Avec un rev\u00eatement d\u00e9perlant sans PFC.<\/p>\n<p>- \u00c9tirement<br \/>\n- S\u00e9chage rapide<br \/>\n- \u00c9vacue l'humidit\u00e9<\/p>\n<p>Mati\u00e8re : 90% polyamide, 10% \u00e9lasthanne<\/p>","protected":false},"excerpt":{"rendered":"<p>Strapazierf\u00e4hige, modische, schnell trocknende Outdoor-Stretchhosen, perfekt f\u00fcr Ihren Alltag und f\u00fcr Outdoor-Abenteuer mit Familie und Freunden. Die Taille ist verstellbar, damit die Hose jederzeit gut sitzt.Die beiden Fronttaschen sind mit Reissverschl\u00fcssen versehen, damit Sie Ihr Telefon, Ihre Brieftasche und Ihre Schl\u00fcssel sicher aufbewahren k\u00f6nnen. Zwei zus\u00e4tzliche Ges\u00e4sstaschen bieten zus\u00e4tzlichen Stauraum. Diese Hose besteht aus einem [&hellip;]<\/p>\n","protected":false},"featured_media":643626,"template":"","meta":[],"product_brand":[],"product_cat":[4185],"product_tag":[],"class_list":{"0":"post-643568","1":"product","2":"type-product","3":"status-publish","4":"has-post-thumbnail","6":"product_cat-hosen","7":"pa_brand-tenson","8":"pa_brand-type-sportswear","9":"pa_filter-color-schwarz","11":"first","12":"instock","13":"sale","14":"taxable","15":"shipping-taxable","16":"purchasable","17":"product-type-variable","18":"add-to-wishlist-before_image"},"exclude_global_add_ons":[],"addons":[],"acf":[],"_links":{"self":[{"href":"https:\/\/shop.kustom.ch\/fr\/wp-json\/wp\/v2\/product\/643568"}],"collection":[{"href":"https:\/\/shop.kustom.ch\/fr\/wp-json\/wp\/v2\/product"}],"about":[{"href":"https:\/\/shop.kustom.ch\/fr\/wp-json\/wp\/v2\/types\/product"}],"wp:featuredmedia":[{"embeddable":true,"href":"https:\/\/shop.kustom.ch\/fr\/wp-json\/wp\/v2\/media\/643626"}],"wp:attachment":[{"href":"https:\/\/shop.kustom.ch\/fr\/wp-json\/wp\/v2\/media?parent=643568"}],"wp:term":[{"taxonomy":"product_brand","embeddable":true,"href":"https:\/\/shop.kustom.ch\/fr\/wp-json\/wp\/v2\/product_brand?post=643568"},{"taxonomy":"product_cat","embeddable":true,"href":"https:\/\/shop.kustom.ch\/fr\/wp-json\/wp\/v2\/product_cat?post=643568"},{"taxonomy":"product_tag","embeddable":true,"href":"https:\/\/shop.kustom.ch\/fr\/wp-json\/wp\/v2\/product_tag?post=643568"}],"curies":[{"name":"wp","href":"https:\/\/api.w.org\/{rel}","templated":true}]}}