{"id":643515,"date":"2025-04-03T21:49:03","date_gmt":"2025-04-03T20:49:03","guid":{"rendered":"https:\/\/shop.kustom.ch\/?post_type=product&#038;p=643515"},"modified":"2026-03-31T11:24:52","modified_gmt":"2026-03-31T10:24:52","slug":"himalaya-shell-extreme-x-jacket-women","status":"publish","type":"product","link":"https:\/\/shop.kustom.ch\/fr\/produit\/himalaya-shell-extreme-x-jacket-women\/","title":{"rendered":"Veste Himalaya Shell Extreme X Women"},"content":{"rendered":"<p>La veste Himalaya Shell MPC Extreme Jacket est une veste shell imperm\u00e9able dot\u00e9e de la propre technologie MPC Extreme de Tenson (WP 20000mm \/ MP 20000g\/m\u00b2\/24h), qui combine un design l\u00e9ger avec une imperm\u00e9abilit\u00e9 extr\u00eame et une respirabilit\u00e9 exceptionnelle. Elle offre de nombreuses fonctionnalit\u00e9s : un ourlet r\u00e9glable, des manches pr\u00e9form\u00e9es, des fermetures \u00e9clair hydrofuges, une ventilation, des poches pratiques et bien plus encore. De plus, elle est \u00e9quip\u00e9e du syst\u00e8me de sauvetage RECCO\u00ae et poss\u00e8de un rev\u00eatement d\u00e9perlant sans PFC.<\/p>\n<p>Mat\u00e9riau : ext\u00e9rieur : 100% polyester recycl\u00e9.<\/p>","protected":false},"excerpt":{"rendered":"<p>Die Himalaya Shell MPC Extreme Jacket ist eine wasserdichte Shelljacke mit Tensons eigener MPC Extreme-Technologie (WP 20000mm \/ MP 20000g\/m\u00b2\/24h), die ein leichtes Design mit extremer Wasserdichtigkeit und aussergew\u00f6hnlicher Atmungsaktivit\u00e4t kombiniert. Sie bietet zahlreiche Funktionen: einen verstellbaren Saum, vorgeformte \u00c4rmel, wasserabweisende Reissverschl\u00fcsse, Bel\u00fcftung, praktische Taschen und vieles mehr. Zudem ist sie mit dem RECCO\u00ae-Rettungssystem ausgestattet [&hellip;]<\/p>\n","protected":false},"featured_media":643576,"template":"","meta":[],"product_brand":[],"product_cat":[4186],"product_tag":[],"class_list":{"0":"post-643515","1":"product","2":"type-product","3":"status-publish","4":"has-post-thumbnail","6":"product_cat-jacken","7":"pa_brand-tenson","8":"pa_brand-type-sportswear","9":"pa_filter-color-grau","11":"first","12":"instock","13":"sale","14":"taxable","15":"shipping-taxable","16":"purchasable","17":"product-type-variable","18":"add-to-wishlist-before_image"},"exclude_global_add_ons":[],"addons":[],"acf":[],"_links":{"self":[{"href":"https:\/\/shop.kustom.ch\/fr\/wp-json\/wp\/v2\/product\/643515"}],"collection":[{"href":"https:\/\/shop.kustom.ch\/fr\/wp-json\/wp\/v2\/product"}],"about":[{"href":"https:\/\/shop.kustom.ch\/fr\/wp-json\/wp\/v2\/types\/product"}],"wp:featuredmedia":[{"embeddable":true,"href":"https:\/\/shop.kustom.ch\/fr\/wp-json\/wp\/v2\/media\/643576"}],"wp:attachment":[{"href":"https:\/\/shop.kustom.ch\/fr\/wp-json\/wp\/v2\/media?parent=643515"}],"wp:term":[{"taxonomy":"product_brand","embeddable":true,"href":"https:\/\/shop.kustom.ch\/fr\/wp-json\/wp\/v2\/product_brand?post=643515"},{"taxonomy":"product_cat","embeddable":true,"href":"https:\/\/shop.kustom.ch\/fr\/wp-json\/wp\/v2\/product_cat?post=643515"},{"taxonomy":"product_tag","embeddable":true,"href":"https:\/\/shop.kustom.ch\/fr\/wp-json\/wp\/v2\/product_tag?post=643515"}],"curies":[{"name":"wp","href":"https:\/\/api.w.org\/{rel}","templated":true}]}}