{"id":643513,"date":"2025-04-03T21:49:03","date_gmt":"2025-04-03T20:49:03","guid":{"rendered":"https:\/\/shop.kustom.ch\/?post_type=product&#038;p=643513"},"modified":"2026-03-31T11:20:01","modified_gmt":"2026-03-31T10:20:01","slug":"himalaya-full-zip-pocket-fleece-women","status":"publish","type":"product","link":"https:\/\/shop.kustom.ch\/fr\/produit\/himalaya-full-zip-pocket-fleece-women\/","title":{"rendered":"Himalaya Full Zip Pocket Fleece Women"},"content":{"rendered":"<p>La polaire Himalaya Full Zip Pocket est fabriqu\u00e9e en polyester recycl\u00e9 100% et allie durabilit\u00e9 et polyvalence. Son tissu doux et confortable est hautement respirant et s\u00e8che rapidement, offrant chaleur et confort sans \u00eatre lourd. Portez-le comme couche interm\u00e9diaire isolante ou comme veste ind\u00e9pendante lors des fra\u00eeches journ\u00e9es d'automne. Elle dispose d'une poche de poitrine zipp\u00e9e, de deux poches lat\u00e9rales zipp\u00e9es, de poignets et d'un ourlet \u00e9lastiques, d'un col doux et d'une fermeture \u00e9clair frontale int\u00e9grale.<\/p>\n<p>Mat\u00e9riau : ext\u00e9rieur : 100% polyester recycl\u00e9.<\/p>","protected":false},"excerpt":{"rendered":"<p>Das Himalaya Full Zip Pocket Fleece besteht aus 100% recyceltem Polyester und vereint Langlebigkeit mit Vielseitigkeit. Sein weiches, bequemes Material ist hoch atmungsaktiv und trocknet schnell, sodass es W\u00e4rme und Komfort bietet, ohne schwer zu sein. Tragen Sie es als isolierende Midlayer oder an k\u00fchlen Herbsttagen als eigenst\u00e4ndige Jacke. Es verf\u00fcgt \u00fcber eine Brusttasche mit [&hellip;]<\/p>\n","protected":false},"featured_media":643544,"template":"","meta":[],"product_brand":[],"product_cat":[4186],"product_tag":[],"class_list":{"0":"post-643513","1":"product","2":"type-product","3":"status-publish","4":"has-post-thumbnail","6":"product_cat-jacken","7":"pa_brand-tenson","8":"pa_brand-type-sportswear","9":"pa_filter-color-beige","10":"pa_filter-color-blau","11":"pa_filter-color-schwarz","13":"first","14":"instock","15":"sale","16":"taxable","17":"shipping-taxable","18":"purchasable","19":"product-type-variable","20":"add-to-wishlist-before_image"},"exclude_global_add_ons":[],"addons":[],"acf":[],"_links":{"self":[{"href":"https:\/\/shop.kustom.ch\/fr\/wp-json\/wp\/v2\/product\/643513"}],"collection":[{"href":"https:\/\/shop.kustom.ch\/fr\/wp-json\/wp\/v2\/product"}],"about":[{"href":"https:\/\/shop.kustom.ch\/fr\/wp-json\/wp\/v2\/types\/product"}],"wp:featuredmedia":[{"embeddable":true,"href":"https:\/\/shop.kustom.ch\/fr\/wp-json\/wp\/v2\/media\/643544"}],"wp:attachment":[{"href":"https:\/\/shop.kustom.ch\/fr\/wp-json\/wp\/v2\/media?parent=643513"}],"wp:term":[{"taxonomy":"product_brand","embeddable":true,"href":"https:\/\/shop.kustom.ch\/fr\/wp-json\/wp\/v2\/product_brand?post=643513"},{"taxonomy":"product_cat","embeddable":true,"href":"https:\/\/shop.kustom.ch\/fr\/wp-json\/wp\/v2\/product_cat?post=643513"},{"taxonomy":"product_tag","embeddable":true,"href":"https:\/\/shop.kustom.ch\/fr\/wp-json\/wp\/v2\/product_tag?post=643513"}],"curies":[{"name":"wp","href":"https:\/\/api.w.org\/{rel}","templated":true}]}}