{"id":643475,"date":"2025-04-03T21:48:31","date_gmt":"2025-04-03T20:48:31","guid":{"rendered":"https:\/\/shop.kustom.ch\/?post_type=product&#038;p=643475"},"modified":"2026-03-31T11:26:01","modified_gmt":"2026-03-31T10:26:01","slug":"grace-softshell-skipants-women","status":"publish","type":"product","link":"https:\/\/shop.kustom.ch\/fr\/produit\/grace-softshell-skipants-women\/","title":{"rendered":"Grace Softshell SkiPants Women"},"content":{"rendered":"<p>Ski chic - Notre pantalon de ski Grace Softshell offre une silhouette \u00e9l\u00e9gante et styl\u00e9e qui suit parfaitement vos courbes. Un pantalon svelte avec une taille \u00e9lastique et un confort agr\u00e9able gr\u00e2ce \u00e0 la libert\u00e9 de mouvement offerte par le tissu Softshell d\u00e9perlant et coupe-vent. \u00c9quip\u00e9 de deux poches zipp\u00e9es \u00e0 l'avant, de fermetures \u00e0 glissi\u00e8re aux ourlets, de genoux rembourr\u00e9s, d'une jupe pare-neige \u00e0 l'int\u00e9rieur de la jambe du pantalon et de fermetures \u00e0 glissi\u00e8re hydrofuges.<\/p>\n<p>- Softshell<br \/>\n- colonne d'eau de 10 000 mm<br \/>\n- Respirabilit\u00e9 5 000 g\/m\u00b2\/24h<br \/>\n- rev\u00eatement hydrofuge sans PFC<\/p>\n<p>Mati\u00e8re : 88% polyester, 12% \u00e9lasthanne<\/p>","protected":false},"excerpt":{"rendered":"<p>Ski chic &#8211; Unsere Grace Softshell Skihose bietet eine elegante und stilvolle Silhouette, die perfekt Ihren Kurven folgt. Eine schlanke Hose mit elastischem Bund und einem angenehmen Tragegef\u00fchl dank der Bewegungsfreiheit, die der wasserabweisende und winddichte Softshell-Stoff bietet. Ausgestattet mit zwei Reissverschlusstaschen vorne, Reissverschl\u00fcssen an den S\u00e4umen, gepolsterten Knien, einem Schneefang im Inneren des Hosenbeinabschlusses [&hellip;]<\/p>\n","protected":false},"featured_media":643512,"template":"","meta":[],"product_brand":[],"product_cat":[4185],"product_tag":[],"class_list":{"0":"post-643475","1":"product","2":"type-product","3":"status-publish","4":"has-post-thumbnail","6":"product_cat-hosen","7":"pa_brand-tenson","8":"pa_brand-type-sportswear","9":"pa_filter-color-schwarz","11":"first","12":"instock","13":"sale","14":"taxable","15":"shipping-taxable","16":"purchasable","17":"product-type-variable","18":"add-to-wishlist-before_image"},"exclude_global_add_ons":[],"addons":[],"acf":[],"_links":{"self":[{"href":"https:\/\/shop.kustom.ch\/fr\/wp-json\/wp\/v2\/product\/643475"}],"collection":[{"href":"https:\/\/shop.kustom.ch\/fr\/wp-json\/wp\/v2\/product"}],"about":[{"href":"https:\/\/shop.kustom.ch\/fr\/wp-json\/wp\/v2\/types\/product"}],"wp:featuredmedia":[{"embeddable":true,"href":"https:\/\/shop.kustom.ch\/fr\/wp-json\/wp\/v2\/media\/643512"}],"wp:attachment":[{"href":"https:\/\/shop.kustom.ch\/fr\/wp-json\/wp\/v2\/media?parent=643475"}],"wp:term":[{"taxonomy":"product_brand","embeddable":true,"href":"https:\/\/shop.kustom.ch\/fr\/wp-json\/wp\/v2\/product_brand?post=643475"},{"taxonomy":"product_cat","embeddable":true,"href":"https:\/\/shop.kustom.ch\/fr\/wp-json\/wp\/v2\/product_cat?post=643475"},{"taxonomy":"product_tag","embeddable":true,"href":"https:\/\/shop.kustom.ch\/fr\/wp-json\/wp\/v2\/product_tag?post=643475"}],"curies":[{"name":"wp","href":"https:\/\/api.w.org\/{rel}","templated":true}]}}