{"id":643474,"date":"2025-04-03T21:48:31","date_gmt":"2025-04-03T20:48:31","guid":{"rendered":"https:\/\/shop.kustom.ch\/?post_type=product&#038;p=643474"},"modified":"2026-03-31T11:28:06","modified_gmt":"2026-03-31T10:28:06","slug":"dew-point-parka-men","status":"publish","type":"product","link":"https:\/\/shop.kustom.ch\/fr\/produit\/dew-point-parka-men\/","title":{"rendered":"Parka Dew Point Hommes"},"content":{"rendered":"<p>La parka Dew Point est imperm\u00e9able et offre une excellente respirabilit\u00e9 et ventilation gr\u00e2ce \u00e0 une capuche temp\u00eate cach\u00e9e dans le col. Avec une note d'imperm\u00e9abilit\u00e9 de 10'000, vous pouvez passer plusieurs heures sous la pluie, et les coutures scell\u00e9es et les fermetures \u00e9clair hydrofuges vous permettent de rester au sec. La capuche peut \u00eatre ajust\u00e9e pour personnaliser l'ajustement et peut \u00e9galement \u00eatre retir\u00e9e lorsqu'elle n'est pas n\u00e9cessaire. La veste a des poignets r\u00e9glables qui peuvent \u00eatre resserr\u00e9s dans des conditions m\u00e9t\u00e9orologiques extr\u00eames. La veste est \u00e9galement extensible et poss\u00e8de des manches articul\u00e9es pour offrir une libert\u00e9 de mouvement optimale sans que les manches ne remontent en pleine extension. Une parka confortable, pratique et \u00e9l\u00e9gante qui deviendra \u00e0 coup s\u00fbr votre favorite.<\/p>\n<p>- MPC Extreme Shell<br \/>\n- 2,5 couches de stretch<br \/>\n- WP 10 000 mm, MP 10 000 gr\/m2\/24h<br \/>\n- rev\u00eatement d\u00e9perlant sans PFC<\/p>\n<p>Mati\u00e8re : 50% polyester recycl\u00e9, 50% polyester<\/p>","protected":false},"excerpt":{"rendered":"<p>Der Dew Point Parka ist wasserdicht und bietet hervorragende Atmungsaktivit\u00e4t und Bel\u00fcftung dank einer versteckten Sturmkapuze im Kragen. Mit einer Wasserdichtigkeitsbewertung von 10&#8217;000 k\u00f6nnen Sie mehrere Stunden im Regen verbringen, und die versiegelten N\u00e4hte und wasserabweisenden Reissverschl\u00fcsse sorgen daf\u00fcr, dass Sie trocken bleiben. Die Kapuze kann angepasst werden, um die Passform zu individualisieren und kann [&hellip;]<\/p>\n","protected":false},"featured_media":643498,"template":"","meta":[],"product_brand":[],"product_cat":[4186],"product_tag":[],"class_list":{"0":"post-643474","1":"product","2":"type-product","3":"status-publish","4":"has-post-thumbnail","6":"product_cat-jacken","7":"pa_brand-tenson","8":"pa_brand-type-sportswear","9":"pa_filter-color-blau","10":"pa_filter-color-schwarz","12":"first","13":"instock","14":"sale","15":"taxable","16":"shipping-taxable","17":"purchasable","18":"product-type-variable","19":"add-to-wishlist-before_image"},"exclude_global_add_ons":[],"addons":[],"acf":[],"_links":{"self":[{"href":"https:\/\/shop.kustom.ch\/fr\/wp-json\/wp\/v2\/product\/643474"}],"collection":[{"href":"https:\/\/shop.kustom.ch\/fr\/wp-json\/wp\/v2\/product"}],"about":[{"href":"https:\/\/shop.kustom.ch\/fr\/wp-json\/wp\/v2\/types\/product"}],"wp:featuredmedia":[{"embeddable":true,"href":"https:\/\/shop.kustom.ch\/fr\/wp-json\/wp\/v2\/media\/643498"}],"wp:attachment":[{"href":"https:\/\/shop.kustom.ch\/fr\/wp-json\/wp\/v2\/media?parent=643474"}],"wp:term":[{"taxonomy":"product_brand","embeddable":true,"href":"https:\/\/shop.kustom.ch\/fr\/wp-json\/wp\/v2\/product_brand?post=643474"},{"taxonomy":"product_cat","embeddable":true,"href":"https:\/\/shop.kustom.ch\/fr\/wp-json\/wp\/v2\/product_cat?post=643474"},{"taxonomy":"product_tag","embeddable":true,"href":"https:\/\/shop.kustom.ch\/fr\/wp-json\/wp\/v2\/product_tag?post=643474"}],"curies":[{"name":"wp","href":"https:\/\/api.w.org\/{rel}","templated":true}]}}