{"id":643408,"date":"2025-04-03T21:48:05","date_gmt":"2025-04-03T20:48:05","guid":{"rendered":"https:\/\/shop.kustom.ch\/?post_type=product&#038;p=643408"},"modified":"2026-03-31T11:25:52","modified_gmt":"2026-03-31T10:25:52","slug":"core-skipants-men","status":"publish","type":"product","link":"https:\/\/shop.kustom.ch\/fr\/produit\/core-skipants-men\/","title":{"rendered":"Core SkiPants Men"},"content":{"rendered":"<p>Le Core SkiPants est un pantalon de ski flexible qui s'adapte \u00e0 toutes les activit\u00e9s et occasions. \u00c9quip\u00e9 de la propre technologie MPC Plus de Tenson, de coutures soud\u00e9es et de fermetures \u00e0 glissi\u00e8re hydrofuges qui le rendent imperm\u00e9able au vent et \u00e0 l'eau, avec une surface d\u00e9perlante sans PFC. Portez les bretelles pour le ski intensif, lorsque tout doit rester parfaitement en place, ou retirez-les pour les journ\u00e9es plus calmes ou d'autres activit\u00e9s de plein air. Le pantalon Core MPC Plus dispose en outre de diverses fonctions pratiques qui en font un pantalon de ski fonctionnel et \u00e0 l'aspect intelligent. Une taille r\u00e9glable et des genoux pr\u00e9form\u00e9s contribuent \u00e0 un meilleur ajustement. Les poches sont doubl\u00e9es de polaire pour plus de confort et il y a une poche suppl\u00e9mentaire sur la cuisse avec fermeture \u00e9clair. Pour faciliter l'enfilage, les pantalons ont de grandes fermetures \u00e0 glissi\u00e8re aux chevilles, qui ont aussi des gu\u00eatres \u00e0 neige pour les maintenir serr\u00e9es entre le pantalon et les bottes de ski. Avec ses coutures scell\u00e9es, son l\u00e9ger rembourrage et son imperm\u00e9abilit\u00e9, ce pantalon de ski vous permet de rester actif toute la journ\u00e9e sans ressentir de chaleur excessive.<\/p>\n<p>- MPC Plus<br \/>\n- Imperm\u00e9abilit\u00e9 \u00e0 l'eau 8 000 mm<br \/>\n- Respirabilit\u00e9 8 000 g\/m\u00b2\/24h<br \/>\n- rev\u00eatement hydrofuge sans PFC<\/p>\n<p>Mati\u00e8re : 33% polyester recycl\u00e9, 67% polyester. Doublure : 100% polyester. Rembourrage : 100 % polyester<\/p>","protected":false},"excerpt":{"rendered":"<p>Die Core SkiPants ist eine flexible Skihose, die sich f\u00fcr jede Aktivit\u00e4t und Gelegenheit anpassen l\u00e4sst. Ausgestattet mit Tenson\u2019s eigener MPC Plus-Technologie, verschweissten N\u00e4hten und wasserabweisenden Reissverschl\u00fcssen, die sie wind- und wasserdicht machen, mit einer PFC-freien, wasserabweisenden Oberfl\u00e4che. Tragen Sie die Hosentr\u00e4ger f\u00fcr intensives Skifahren, wenn alles perfekt an seinem Platz bleiben muss, oder entfernen [&hellip;]<\/p>\n","protected":false},"featured_media":643471,"template":"","meta":[],"product_brand":[],"product_cat":[4185],"product_tag":[],"class_list":{"0":"post-643408","1":"product","2":"type-product","3":"status-publish","4":"has-post-thumbnail","6":"product_cat-hosen","7":"pa_brand-tenson","8":"pa_brand-type-sportswear","9":"pa_filter-color-schwarz","11":"first","12":"instock","13":"sale","14":"taxable","15":"shipping-taxable","16":"purchasable","17":"product-type-variable","18":"add-to-wishlist-before_image"},"exclude_global_add_ons":[],"addons":[],"acf":[],"_links":{"self":[{"href":"https:\/\/shop.kustom.ch\/fr\/wp-json\/wp\/v2\/product\/643408"}],"collection":[{"href":"https:\/\/shop.kustom.ch\/fr\/wp-json\/wp\/v2\/product"}],"about":[{"href":"https:\/\/shop.kustom.ch\/fr\/wp-json\/wp\/v2\/types\/product"}],"wp:featuredmedia":[{"embeddable":true,"href":"https:\/\/shop.kustom.ch\/fr\/wp-json\/wp\/v2\/media\/643471"}],"wp:attachment":[{"href":"https:\/\/shop.kustom.ch\/fr\/wp-json\/wp\/v2\/media?parent=643408"}],"wp:term":[{"taxonomy":"product_brand","embeddable":true,"href":"https:\/\/shop.kustom.ch\/fr\/wp-json\/wp\/v2\/product_brand?post=643408"},{"taxonomy":"product_cat","embeddable":true,"href":"https:\/\/shop.kustom.ch\/fr\/wp-json\/wp\/v2\/product_cat?post=643408"},{"taxonomy":"product_tag","embeddable":true,"href":"https:\/\/shop.kustom.ch\/fr\/wp-json\/wp\/v2\/product_tag?post=643408"}],"curies":[{"name":"wp","href":"https:\/\/api.w.org\/{rel}","templated":true}]}}