{"id":643357,"date":"2025-04-03T21:47:36","date_gmt":"2025-04-03T20:47:36","guid":{"rendered":"https:\/\/shop.kustom.ch\/?post_type=product&#038;p=643357"},"modified":"2026-03-31T11:22:06","modified_gmt":"2026-03-31T10:22:06","slug":"core-ski-jacket-men","status":"publish","type":"product","link":"https:\/\/shop.kustom.ch\/fr\/produit\/core-ski-jacket-men\/","title":{"rendered":"Veste de ski Core Men"},"content":{"rendered":"<p>Une veste de ski \u00e9l\u00e9gante et chaude qui durera des ann\u00e9es. Dot\u00e9e de la propre technologie MPC Plus de Tenson, de coutures soud\u00e9es et de fermetures \u00e9clair hydrofuges qui la rendent imperm\u00e9able au vent et \u00e0 l'eau, avec une surface hydrofuge sans PFC. Gr\u00e2ce \u00e0 ses excellentes propri\u00e9t\u00e9s respirantes, cette veste vous permet de rester actif toute la journ\u00e9e sans ressentir une chaleur excessive. Les coutures sont scell\u00e9es, avec une jupe pare-neige pour garder la neige \u00e0 l'ext\u00e9rieur. Les poches et le col sont doubl\u00e9s de polaire pour plus de chaleur. La capuche est amovible pour que tu puisses t'adapter \u00e0 la m\u00e9t\u00e9o ou changer de style. La veste Core MPC Plus peut \u00eatre combin\u00e9e avec le pantalon Core MPC Plus pour former un ensemble assorti dans les m\u00eames couleurs, ou dans des couleurs diff\u00e9rentes pour un look plus vif.<\/p>\n<p>- MPC Plus<br \/>\n- Imperm\u00e9abilit\u00e9 \u00e0 l'eau 8 000 mm<br \/>\n- Respirabilit\u00e9 8 000 g\/m\u00b2\/24h<br \/>\n- rev\u00eatement hydrofuge sans PFC<\/p>\n<p>Mati\u00e8re : 33% polyester recycl\u00e9, 67% polyester. Doublure : 100% polyester. Rembourrage : 100 % polyester<\/p>","protected":false},"excerpt":{"rendered":"<p>Eine stilvolle, warme Skijacke, die jahrelang h\u00e4lt. Ausgestattet mit Tenson\u2019s eigener MPC Plus-Technologie, verschweissten N\u00e4hten und wasserabweisenden Reissverschl\u00fcssen, die sie wind- und wasserdicht machen, mit einer PFC-freien, wasserabweisenden Oberfl\u00e4che. Aufgrund ihrer ausgezeichneten Atmungseigenschaften erm\u00f6glicht Ihnen diese Jacke, den ganzen Tag aktiv zu bleiben, ohne \u00fcberm\u00e4ssige W\u00e4rme zu empfinden. Die N\u00e4hte sind versiegelt, mit einem Schneefang, [&hellip;]<\/p>\n","protected":false},"featured_media":643406,"template":"","meta":[],"product_brand":[],"product_cat":[4186],"product_tag":[],"class_list":{"0":"post-643357","1":"product","2":"type-product","3":"status-publish","4":"has-post-thumbnail","6":"product_cat-jacken","7":"pa_brand-tenson","8":"pa_brand-type-sportswear","9":"pa_filter-color-blau","10":"pa_filter-color-gruen","11":"pa_filter-color-schwarz","13":"first","14":"instock","15":"sale","16":"taxable","17":"shipping-taxable","18":"purchasable","19":"product-type-variable","20":"add-to-wishlist-before_image"},"exclude_global_add_ons":[],"addons":[],"acf":[],"_links":{"self":[{"href":"https:\/\/shop.kustom.ch\/fr\/wp-json\/wp\/v2\/product\/643357"}],"collection":[{"href":"https:\/\/shop.kustom.ch\/fr\/wp-json\/wp\/v2\/product"}],"about":[{"href":"https:\/\/shop.kustom.ch\/fr\/wp-json\/wp\/v2\/types\/product"}],"wp:featuredmedia":[{"embeddable":true,"href":"https:\/\/shop.kustom.ch\/fr\/wp-json\/wp\/v2\/media\/643406"}],"wp:attachment":[{"href":"https:\/\/shop.kustom.ch\/fr\/wp-json\/wp\/v2\/media?parent=643357"}],"wp:term":[{"taxonomy":"product_brand","embeddable":true,"href":"https:\/\/shop.kustom.ch\/fr\/wp-json\/wp\/v2\/product_brand?post=643357"},{"taxonomy":"product_cat","embeddable":true,"href":"https:\/\/shop.kustom.ch\/fr\/wp-json\/wp\/v2\/product_cat?post=643357"},{"taxonomy":"product_tag","embeddable":true,"href":"https:\/\/shop.kustom.ch\/fr\/wp-json\/wp\/v2\/product_tag?post=643357"}],"curies":[{"name":"wp","href":"https:\/\/api.w.org\/{rel}","templated":true}]}}