{"id":643356,"date":"2025-04-03T21:47:36","date_gmt":"2025-04-03T20:47:36","guid":{"rendered":"https:\/\/shop.kustom.ch\/?post_type=product&#038;p=643356"},"modified":"2026-03-31T11:20:05","modified_gmt":"2026-03-31T10:20:05","slug":"apelviken-pu-rain-hat-unisex","status":"publish","type":"product","link":"https:\/\/shop.kustom.ch\/fr\/produit\/apelviken-pu-rain-hat-unisex\/","title":{"rendered":"Apelviken PU Rain Hat unisexe"},"content":{"rendered":"<p>Cet accessoire embl\u00e9matique, dot\u00e9 d'une doublure tricot\u00e9e douce et confortable et de coutures soud\u00e9es, s'int\u00e8gre parfaitement \u00e0 notre collection Apelviken PU, tant en termes de design que de qualit\u00e9. Disponible dans les tailles S\/M et L\/XL.<\/p>\n<p>Mat\u00e9riau : Ext\u00e9rieur : 100% PU.<\/p>","protected":false},"excerpt":{"rendered":"<p>Dieses ikonische Accessoire mit weichem, bequemem Strickfutter und verschweissten N\u00e4hten passt perfekt zu unserer Apelviken PU-Kollektion \u2013 sowohl in Design als auch in Qualit\u00e4t. Erh\u00e4ltlich in den Gr\u00f6ssen S\/M und L\/XL. Material: Aussenmaterial: 100% PU.<\/p>","protected":false},"featured_media":643400,"template":"","meta":[],"product_brand":[],"product_cat":[4177,4209],"product_tag":[],"class_list":{"0":"post-643356","1":"product","2":"type-product","3":"status-publish","4":"has-post-thumbnail","6":"product_cat-caps-muetzen","7":"product_cat-zubehoer","8":"pa_brand-tenson","9":"pa_brand-type-sportswear","10":"pa_filter-color-gruen","11":"pa_filter-color-schwarz","13":"first","14":"outofstock","15":"sale","16":"taxable","17":"shipping-taxable","18":"purchasable","19":"product-type-variable","20":"add-to-wishlist-before_image"},"exclude_global_add_ons":[],"addons":[],"acf":[],"_links":{"self":[{"href":"https:\/\/shop.kustom.ch\/fr\/wp-json\/wp\/v2\/product\/643356"}],"collection":[{"href":"https:\/\/shop.kustom.ch\/fr\/wp-json\/wp\/v2\/product"}],"about":[{"href":"https:\/\/shop.kustom.ch\/fr\/wp-json\/wp\/v2\/types\/product"}],"wp:featuredmedia":[{"embeddable":true,"href":"https:\/\/shop.kustom.ch\/fr\/wp-json\/wp\/v2\/media\/643400"}],"wp:attachment":[{"href":"https:\/\/shop.kustom.ch\/fr\/wp-json\/wp\/v2\/media?parent=643356"}],"wp:term":[{"taxonomy":"product_brand","embeddable":true,"href":"https:\/\/shop.kustom.ch\/fr\/wp-json\/wp\/v2\/product_brand?post=643356"},{"taxonomy":"product_cat","embeddable":true,"href":"https:\/\/shop.kustom.ch\/fr\/wp-json\/wp\/v2\/product_cat?post=643356"},{"taxonomy":"product_tag","embeddable":true,"href":"https:\/\/shop.kustom.ch\/fr\/wp-json\/wp\/v2\/product_tag?post=643356"}],"curies":[{"name":"wp","href":"https:\/\/api.w.org\/{rel}","templated":true}]}}