{"id":643354,"date":"2025-04-03T21:47:36","date_gmt":"2025-04-03T20:47:36","guid":{"rendered":"https:\/\/shop.kustom.ch\/?post_type=product&#038;p=643354"},"modified":"2026-03-31T11:27:44","modified_gmt":"2026-03-31T10:27:44","slug":"apelviken-pu-coat-men","status":"publish","type":"product","link":"https:\/\/shop.kustom.ch\/fr\/produit\/apelviken-pu-coat-men\/","title":{"rendered":"Manteau Apelviken PU Men"},"content":{"rendered":"<p>Apelviken a un design classique d'imperm\u00e9able en PU avec une silhouette droite et un tissu jersey doux \u00e0 l'int\u00e9rieur. Ce manteau dispose de poignets r\u00e9glables et d'une fente dans le dos qui vous offre une totale libert\u00e9 de mouvement. L'imperm\u00e9abilit\u00e9 est de 5.000 mm, avec une capuche fixe confortable et des coutures scell\u00e9es pour que vous restiez au sec. L'imperm\u00e9able dispose en outre d'une ventilation suppl\u00e9mentaire sous les bras pour que vous ne souffriez pas de surchauffe.<\/p>\n<p>- WP 5 000 mm<br \/>\n- Dos du maillot<br \/>\n- Toutes les coutures sont soud\u00e9es<\/p>\n<p>Mat\u00e9riau : 100% polyur\u00e9thane<\/p>","protected":false},"excerpt":{"rendered":"<p>Apelviken hat ein klassisches PU-Regenmantel-Design mit einer geraden Silhouette und weichem Jerseystoff auf der Innenseite. Dieser Mantel verf\u00fcgt \u00fcber verstellbare Manschetten und einen Schlitz am R\u00fccken, der Ihnen vollst\u00e4ndige Bewegungsfreiheit verschafft. Die Wasserdichtigkeit betr\u00e4gt 5.000 mm, mit einer bequemen festen Kapuze und versiegelte N\u00e4hte, damit Sie trocken bleiben. Der Regenmantel hat ausserdem eine zus\u00e4tzliche Bel\u00fcftung [&hellip;]<\/p>\n","protected":false},"featured_media":643358,"template":"","meta":[],"product_brand":[],"product_cat":[4186],"product_tag":[],"class_list":{"0":"post-643354","1":"product","2":"type-product","3":"status-publish","4":"has-post-thumbnail","6":"product_cat-jacken","7":"pa_brand-tenson","8":"pa_brand-type-sportswear","9":"pa_filter-color-blau","10":"pa_filter-color-gruen","11":"pa_filter-color-schwarz","13":"first","14":"instock","15":"sale","16":"taxable","17":"shipping-taxable","18":"purchasable","19":"product-type-variable","20":"add-to-wishlist-before_image"},"exclude_global_add_ons":[],"addons":[],"acf":[],"_links":{"self":[{"href":"https:\/\/shop.kustom.ch\/fr\/wp-json\/wp\/v2\/product\/643354"}],"collection":[{"href":"https:\/\/shop.kustom.ch\/fr\/wp-json\/wp\/v2\/product"}],"about":[{"href":"https:\/\/shop.kustom.ch\/fr\/wp-json\/wp\/v2\/types\/product"}],"wp:featuredmedia":[{"embeddable":true,"href":"https:\/\/shop.kustom.ch\/fr\/wp-json\/wp\/v2\/media\/643358"}],"wp:attachment":[{"href":"https:\/\/shop.kustom.ch\/fr\/wp-json\/wp\/v2\/media?parent=643354"}],"wp:term":[{"taxonomy":"product_brand","embeddable":true,"href":"https:\/\/shop.kustom.ch\/fr\/wp-json\/wp\/v2\/product_brand?post=643354"},{"taxonomy":"product_cat","embeddable":true,"href":"https:\/\/shop.kustom.ch\/fr\/wp-json\/wp\/v2\/product_cat?post=643354"},{"taxonomy":"product_tag","embeddable":true,"href":"https:\/\/shop.kustom.ch\/fr\/wp-json\/wp\/v2\/product_tag?post=643354"}],"curies":[{"name":"wp","href":"https:\/\/api.w.org\/{rel}","templated":true}]}}