{"id":643291,"date":"2025-04-03T19:17:02","date_gmt":"2025-04-03T18:17:02","guid":{"rendered":"https:\/\/shop.kustom.ch\/?post_type=product&#038;p=643291"},"modified":"2025-04-03T19:47:08","modified_gmt":"2025-04-03T18:47:08","slug":"craft-community-2-0-hoodie-3","status":"publish","type":"product","link":"https:\/\/shop.kustom.ch\/fr\/produit\/craft-community-2-0-hoodie-3\/","title":{"rendered":"Sweat \u00e0 capuche Craft Community 2.0"},"content":{"rendered":"<p>Le sweat \u00e0 capuche Community 2.0 associe une coupe d\u00e9contract\u00e9e mais athl\u00e9tique \u00e0 une expression sportive, id\u00e9ale pour les moments de d\u00e9tente en dehors du terrain. Ce sweat \u00e0 capuche d\u00e9contract\u00e9 est compos\u00e9 d'un m\u00e9lange doux de polyester recycl\u00e9 et de coton bio, avec un int\u00e9rieur bross\u00e9. Il offre une sensation de souplesse et de confort et ravive l'esprit d'\u00e9quipe.<\/p>","protected":false},"excerpt":{"rendered":"<p>Couleur : plaster<\/p>","protected":false},"featured_media":641543,"template":"","meta":[],"product_brand":[],"product_cat":[11572],"product_tag":[],"class_list":{"0":"post-643291","1":"product","2":"type-product","3":"status-publish","4":"has-post-thumbnail","6":"product_cat-athletes-in-action","8":"first","9":"instock","10":"taxable","11":"shipping-taxable","12":"purchasable","13":"product-type-variable","14":"add-to-wishlist-before_image"},"exclude_global_add_ons":false,"addons":[{"name":"Pression","type":"checkbox","position":1,"required":true,"title_format":"label","default":"","description_enable":false,"description":"","placeholder_enable":false,"placeholder":"","display":"select","restrictions_type":"any_text","adjust_price":false,"price":"","price_type":"flat_fee","restrictions":false,"min":"0","max":"0","options":[{"label":"Logo klein Brust","price":"6.50","price_type":"flat_fee","image":0,"visibility":true},{"label":"Logo klein Brust und gross R\u00fccken","price":"15.15","price_type":"flat_fee","image":0,"visibility":true},{"label":"Logo gross Brust","price":"8.65","price_type":"flat_fee","image":0,"visibility":true},{"label":"Logo gross R\u00fccken","price":"8.65","price_type":"flat_fee","image":0,"visibility":true}],"id":1743709617}],"acf":[],"_links":{"self":[{"href":"https:\/\/shop.kustom.ch\/fr\/wp-json\/wp\/v2\/product\/643291"}],"collection":[{"href":"https:\/\/shop.kustom.ch\/fr\/wp-json\/wp\/v2\/product"}],"about":[{"href":"https:\/\/shop.kustom.ch\/fr\/wp-json\/wp\/v2\/types\/product"}],"wp:featuredmedia":[{"embeddable":true,"href":"https:\/\/shop.kustom.ch\/fr\/wp-json\/wp\/v2\/media\/641543"}],"wp:attachment":[{"href":"https:\/\/shop.kustom.ch\/fr\/wp-json\/wp\/v2\/media?parent=643291"}],"wp:term":[{"taxonomy":"product_brand","embeddable":true,"href":"https:\/\/shop.kustom.ch\/fr\/wp-json\/wp\/v2\/product_brand?post=643291"},{"taxonomy":"product_cat","embeddable":true,"href":"https:\/\/shop.kustom.ch\/fr\/wp-json\/wp\/v2\/product_cat?post=643291"},{"taxonomy":"product_tag","embeddable":true,"href":"https:\/\/shop.kustom.ch\/fr\/wp-json\/wp\/v2\/product_tag?post=643291"}],"curies":[{"name":"wp","href":"https:\/\/api.w.org\/{rel}","templated":true}]}}