{"id":643121,"date":"2025-04-03T19:11:31","date_gmt":"2025-04-03T18:11:31","guid":{"rendered":"https:\/\/shop.kustom.ch\/?post_type=product&#038;p=643121"},"modified":"2025-04-03T19:27:30","modified_gmt":"2025-04-03T18:27:30","slug":"erima-t-shirt-performance","status":"publish","type":"product","link":"https:\/\/shop.kustom.ch\/fr\/produit\/erima-t-shirt-performance\/","title":{"rendered":"Erima T-Shirt Performance"},"content":{"rendered":"<p>Notre polyvalent fonctionnel est adapt\u00e9 \u00e0 toutes les activit\u00e9s.<br \/>\nMati\u00e8re tr\u00e8s agr\u00e9able, l\u00e9g\u00e8re, \u00e0 s\u00e9chage rapide et r\u00e9gulant l'humidit\u00e9.<br \/>\nCoutures plates pour r\u00e9duire les frottements et assurer un confort maximal.<br \/>\nInserts en mesh sur le c\u00f4t\u00e9 et sur la clavicule.<\/p>","protected":false},"excerpt":{"rendered":"<p>Couleur : new navy<\/p>","protected":false},"featured_media":641618,"template":"","meta":[],"product_brand":[],"product_cat":[11572],"product_tag":[],"class_list":{"0":"post-643121","1":"product","2":"type-product","3":"status-publish","4":"has-post-thumbnail","6":"product_cat-athletes-in-action","8":"first","9":"instock","10":"taxable","11":"shipping-taxable","12":"purchasable","13":"product-type-variable","14":"add-to-wishlist-before_image"},"exclude_global_add_ons":false,"addons":[{"name":"Pression","type":"checkbox","position":0,"required":true,"title_format":"label","default":"","description_enable":false,"description":"","placeholder_enable":false,"placeholder":"","display":"select","restrictions_type":"any_text","adjust_price":false,"price":"","price_type":"flat_fee","restrictions":false,"min":"0","max":"0","options":[{"label":"Logo klein Brust","price":"6.50","price_type":"flat_fee","image":0,"visibility":true},{"label":"Logo klein Brust und gross R\u00fccken","price":"15.15","price_type":"flat_fee","image":0,"visibility":true},{"label":"Logo gross Brust","price":"8.65","price_type":"flat_fee","image":0,"visibility":true},{"label":"Logo gross R\u00fccken","price":"8.65","price_type":"flat_fee","image":0,"visibility":true}],"id":1743708423}],"acf":[],"_links":{"self":[{"href":"https:\/\/shop.kustom.ch\/fr\/wp-json\/wp\/v2\/product\/643121"}],"collection":[{"href":"https:\/\/shop.kustom.ch\/fr\/wp-json\/wp\/v2\/product"}],"about":[{"href":"https:\/\/shop.kustom.ch\/fr\/wp-json\/wp\/v2\/types\/product"}],"wp:featuredmedia":[{"embeddable":true,"href":"https:\/\/shop.kustom.ch\/fr\/wp-json\/wp\/v2\/media\/641618"}],"wp:attachment":[{"href":"https:\/\/shop.kustom.ch\/fr\/wp-json\/wp\/v2\/media?parent=643121"}],"wp:term":[{"taxonomy":"product_brand","embeddable":true,"href":"https:\/\/shop.kustom.ch\/fr\/wp-json\/wp\/v2\/product_brand?post=643121"},{"taxonomy":"product_cat","embeddable":true,"href":"https:\/\/shop.kustom.ch\/fr\/wp-json\/wp\/v2\/product_cat?post=643121"},{"taxonomy":"product_tag","embeddable":true,"href":"https:\/\/shop.kustom.ch\/fr\/wp-json\/wp\/v2\/product_tag?post=643121"}],"curies":[{"name":"wp","href":"https:\/\/api.w.org\/{rel}","templated":true}]}}