{"id":643004,"date":"2025-04-02T22:56:42","date_gmt":"2025-04-02T21:56:42","guid":{"rendered":"https:\/\/shop.kustom.ch\/?post_type=product&#038;p=643004"},"modified":"2025-04-03T19:49:53","modified_gmt":"2025-04-03T18:49:53","slug":"jako-kapuzensweat-organic-5","status":"publish","type":"product","link":"https:\/\/shop.kustom.ch\/fr\/produit\/jako-kapuzensweat-organic-5\/","title":{"rendered":"Sweat \u00e0 capuche Jako Organic"},"content":{"rendered":"<p>Notre sweat \u00e0 capuche Organic est compos\u00e9 de coton ring-spun 70 % et de polyester 30 %. Le coton utilis\u00e9 provient de cultures biologiques contr\u00f4l\u00e9es. Gr\u00e2ce \u00e0 sa forte teneur en coton et \u00e0 son int\u00e9rieur gratt\u00e9, ce sweat \u00e0 capuche est tr\u00e8s confortable \u00e0 porter. Id\u00e9al pour les v\u00eatements professionnels ou les loisirs. Gr\u00e2ce aux colorants de haute qualit\u00e9, le sweat \u00e0 capuche de notre teamwear d'entreprise conserve ses couleurs m\u00eame apr\u00e8s plusieurs lavages. D'autres d\u00e9tails sont les poches kangourou, une capuche avec une face int\u00e9rieure en jersey simple et une finition sweat et manches en c\u00f4te. Les coutures renforc\u00e9es aux \u00e9paules rendent le sweat particuli\u00e8rement ind\u00e9formable et r\u00e9sistant.<\/p>","protected":false},"excerpt":{"rendered":"<p>couleur : olive<\/p>","protected":false},"featured_media":641676,"template":"","meta":[],"product_brand":[],"product_cat":[11572],"product_tag":[],"class_list":{"0":"post-643004","1":"product","2":"type-product","3":"status-publish","4":"has-post-thumbnail","6":"product_cat-athletes-in-action","8":"first","9":"instock","10":"taxable","11":"shipping-taxable","12":"purchasable","13":"product-type-variable","14":"add-to-wishlist-before_image"},"exclude_global_add_ons":false,"addons":[{"name":"Pression","type":"checkbox","position":1,"required":true,"title_format":"label","default":"","description_enable":false,"description":"","placeholder_enable":false,"placeholder":"","display":"select","restrictions_type":"any_text","adjust_price":false,"price":"","price_type":"flat_fee","restrictions":false,"min":"0","max":"0","options":[{"label":"Logo klein Brust","price":"6.50","price_type":"flat_fee","image":0,"visibility":true},{"label":"Logo klein Brust und gross R\u00fccken","price":"15.15","price_type":"flat_fee","image":0,"visibility":true},{"label":"Logo gross Brust","price":"8.65","price_type":"flat_fee","image":0,"visibility":true},{"label":"Logo gross R\u00fccken","price":"8.65","price_type":"flat_fee","image":0,"visibility":true}],"id":1743709778}],"acf":[],"_links":{"self":[{"href":"https:\/\/shop.kustom.ch\/fr\/wp-json\/wp\/v2\/product\/643004"}],"collection":[{"href":"https:\/\/shop.kustom.ch\/fr\/wp-json\/wp\/v2\/product"}],"about":[{"href":"https:\/\/shop.kustom.ch\/fr\/wp-json\/wp\/v2\/types\/product"}],"wp:featuredmedia":[{"embeddable":true,"href":"https:\/\/shop.kustom.ch\/fr\/wp-json\/wp\/v2\/media\/641676"}],"wp:attachment":[{"href":"https:\/\/shop.kustom.ch\/fr\/wp-json\/wp\/v2\/media?parent=643004"}],"wp:term":[{"taxonomy":"product_brand","embeddable":true,"href":"https:\/\/shop.kustom.ch\/fr\/wp-json\/wp\/v2\/product_brand?post=643004"},{"taxonomy":"product_cat","embeddable":true,"href":"https:\/\/shop.kustom.ch\/fr\/wp-json\/wp\/v2\/product_cat?post=643004"},{"taxonomy":"product_tag","embeddable":true,"href":"https:\/\/shop.kustom.ch\/fr\/wp-json\/wp\/v2\/product_tag?post=643004"}],"curies":[{"name":"wp","href":"https:\/\/api.w.org\/{rel}","templated":true}]}}