{"id":642957,"date":"2025-04-02T22:56:09","date_gmt":"2025-04-02T21:56:09","guid":{"rendered":"https:\/\/shop.kustom.ch\/?post_type=product&#038;p=642957"},"modified":"2025-06-26T08:18:23","modified_gmt":"2025-06-26T07:18:23","slug":"jako-kapuzensweat-premium-basics-2","status":"publish","type":"product","link":"https:\/\/shop.kustom.ch\/fr\/produit\/jako-kapuzensweat-premium-basics-2\/","title":{"rendered":"Sweat \u00e0 capuche Jako Premium Basics"},"content":{"rendered":"<p>Le sport et les loisirs sont de plus en plus \u00e9troitement li\u00e9s dans la vie de nombreuses personnes. C'est pourquoi JAKO t'envoie d\u00e8s maintenant au sport et \u00e0 la vie quotidienne dans les basics PREMIUM de grande qualit\u00e9. Le sweat \u00e0 capuche de la ligne a une coupe sportive et un look m\u00e9lang\u00e9 moderne. C'est typique des PREMIUM Basics. Ce m\u00e9lange de deux couleurs rappelle, par sa structure, l'asphalte sur lequel se d\u00e9roule la vie dans les grandes villes. Au niveau de la nuque, une capuche d\u00e9contract\u00e9e vient compl\u00e9ter ta tenue ou peut \u00eatre rabattue sur la t\u00eate si n\u00e9cessaire. Le haut est compos\u00e9 de la mati\u00e8re fonctionnelle Double - Tech - Knit. Il s'adapte aux contours de ton corps et souligne ta silhouette sportive.<\/p>","protected":false},"excerpt":{"rendered":"<p>couleur : marine chin\u00e9<\/p>","protected":false},"featured_media":670511,"template":"","meta":[],"product_brand":[],"product_cat":[11572],"product_tag":[],"class_list":{"0":"post-642957","1":"product","2":"type-product","3":"status-publish","4":"has-post-thumbnail","6":"product_cat-athletes-in-action","8":"first","9":"instock","10":"taxable","11":"shipping-taxable","12":"purchasable","13":"product-type-variable","14":"add-to-wishlist-before_image"},"exclude_global_add_ons":false,"addons":[{"name":"Pression","type":"checkbox","position":0,"required":true,"title_format":"label","default":"","description_enable":false,"description":"","placeholder_enable":false,"placeholder":"","display":"select","restrictions_type":"any_text","adjust_price":false,"price":"","price_type":"flat_fee","restrictions":false,"min":"0","max":"0","options":[{"label":"Logo klein Brust","price":"6.50","price_type":"flat_fee","image":0,"visibility":true},{"label":"Logo klein Brust und gross R\u00fccken","price":"15.15","price_type":"flat_fee","image":0,"visibility":true},{"label":"Logo gross Brust","price":"8.65","price_type":"flat_fee","image":0,"visibility":true},{"label":"Logo gross R\u00fccken","price":"8.65","price_type":"flat_fee","image":0,"visibility":true}],"id":1743709662}],"acf":[],"_links":{"self":[{"href":"https:\/\/shop.kustom.ch\/fr\/wp-json\/wp\/v2\/product\/642957"}],"collection":[{"href":"https:\/\/shop.kustom.ch\/fr\/wp-json\/wp\/v2\/product"}],"about":[{"href":"https:\/\/shop.kustom.ch\/fr\/wp-json\/wp\/v2\/types\/product"}],"wp:featuredmedia":[{"embeddable":true,"href":"https:\/\/shop.kustom.ch\/fr\/wp-json\/wp\/v2\/media\/670511"}],"wp:attachment":[{"href":"https:\/\/shop.kustom.ch\/fr\/wp-json\/wp\/v2\/media?parent=642957"}],"wp:term":[{"taxonomy":"product_brand","embeddable":true,"href":"https:\/\/shop.kustom.ch\/fr\/wp-json\/wp\/v2\/product_brand?post=642957"},{"taxonomy":"product_cat","embeddable":true,"href":"https:\/\/shop.kustom.ch\/fr\/wp-json\/wp\/v2\/product_cat?post=642957"},{"taxonomy":"product_tag","embeddable":true,"href":"https:\/\/shop.kustom.ch\/fr\/wp-json\/wp\/v2\/product_tag?post=642957"}],"curies":[{"name":"wp","href":"https:\/\/api.w.org\/{rel}","templated":true}]}}