{"id":642907,"date":"2025-04-02T22:55:37","date_gmt":"2025-04-02T21:55:37","guid":{"rendered":"https:\/\/shop.kustom.ch\/?post_type=product&#038;p=642907"},"modified":"2025-04-03T19:45:13","modified_gmt":"2025-04-03T18:45:13","slug":"jako-kapuzenjacke-classico-4","status":"publish","type":"product","link":"https:\/\/shop.kustom.ch\/fr\/produit\/jako-kapuzenjacke-classico-4\/","title":{"rendered":"Veste \u00e0 capuche Jako Classico"},"content":{"rendered":"<p>Apparence d\u00e9contract\u00e9e avec une capuche dans un haut classique. Le style de la veste \u00e0 capuche CLASSICO est r\u00e9duit \u00e0 l'essentiel. L'int\u00e9rieur en micropolaire ainsi que le garage \u00e0 zip garantissent un confort particuli\u00e8rement \u00e9lev\u00e9. Les poches lat\u00e9rales permettent de ranger de mani\u00e8re pratique les objets du quotidien.<\/p>","protected":false},"excerpt":{"rendered":"<p>Couleur : royal<\/p>","protected":false},"featured_media":641717,"template":"","meta":[],"product_brand":[],"product_cat":[11572],"product_tag":[],"class_list":{"0":"post-642907","1":"product","2":"type-product","3":"status-publish","4":"has-post-thumbnail","6":"product_cat-athletes-in-action","8":"first","9":"instock","10":"taxable","11":"shipping-taxable","12":"purchasable","13":"product-type-variable","14":"add-to-wishlist-before_image"},"exclude_global_add_ons":false,"addons":[{"name":"Pression","type":"checkbox","position":1,"required":true,"title_format":"label","default":"","description_enable":false,"description":"","placeholder_enable":false,"placeholder":"","display":"select","restrictions_type":"any_text","adjust_price":false,"price":"","price_type":"flat_fee","restrictions":false,"min":"0","max":"0","options":[{"label":"Logo klein Brust","price":"6.50","price_type":"flat_fee","image":0,"visibility":true},{"label":"Logo klein Brust und gross R\u00fccken","price":"15.15","price_type":"flat_fee","image":0,"visibility":true},{"label":"Logo gross R\u00fccken","price":"8.65","price_type":"flat_fee","image":0,"visibility":true}],"id":1743709496}],"acf":[],"_links":{"self":[{"href":"https:\/\/shop.kustom.ch\/fr\/wp-json\/wp\/v2\/product\/642907"}],"collection":[{"href":"https:\/\/shop.kustom.ch\/fr\/wp-json\/wp\/v2\/product"}],"about":[{"href":"https:\/\/shop.kustom.ch\/fr\/wp-json\/wp\/v2\/types\/product"}],"wp:featuredmedia":[{"embeddable":true,"href":"https:\/\/shop.kustom.ch\/fr\/wp-json\/wp\/v2\/media\/641717"}],"wp:attachment":[{"href":"https:\/\/shop.kustom.ch\/fr\/wp-json\/wp\/v2\/media?parent=642907"}],"wp:term":[{"taxonomy":"product_brand","embeddable":true,"href":"https:\/\/shop.kustom.ch\/fr\/wp-json\/wp\/v2\/product_brand?post=642907"},{"taxonomy":"product_cat","embeddable":true,"href":"https:\/\/shop.kustom.ch\/fr\/wp-json\/wp\/v2\/product_cat?post=642907"},{"taxonomy":"product_tag","embeddable":true,"href":"https:\/\/shop.kustom.ch\/fr\/wp-json\/wp\/v2\/product_tag?post=642907"}],"curies":[{"name":"wp","href":"https:\/\/api.w.org\/{rel}","templated":true}]}}