{"id":642794,"date":"2025-04-02T22:54:28","date_gmt":"2025-04-02T21:54:28","guid":{"rendered":"https:\/\/shop.kustom.ch\/?post_type=product&#038;p=642794"},"modified":"2025-04-03T20:07:58","modified_gmt":"2025-04-03T19:07:58","slug":"jako-kapuzenjacke-base-6","status":"publish","type":"product","link":"https:\/\/shop.kustom.ch\/fr\/produit\/jako-kapuzenjacke-base-6\/","title":{"rendered":"Veste \u00e0 capuche Jako Base"},"content":{"rendered":"<p>La Teamline Base met parfaitement en sc\u00e8ne chaque \u00e9quipe et chaque sportif individuel. Tous les styles, comme par exemple la veste \u00e0 capuche BASE, se combinent parfaitement avec les autres Teamlines JAKO. Moderne, sobre et parfaitement adapt\u00e9e \u00e0 toutes les occasions. Gr\u00e2ce \u00e0 son design classique, la veste \u00e0 capuche BASE offre de nombreuses possibilit\u00e9s de personnalisation. Nous avons d\u00e9velopp\u00e9 une nouvelle combinaison de mat\u00e9riaux pour l'ensemble de la ligne d'\u00e9quipe BASE. Ainsi, la veste \u00e0 capuche BASE est fabriqu\u00e9e avec de grandes quantit\u00e9s de coton biologique. La veste \u00e0 capuche est pr\u00e9trait\u00e9e au r\u00e9tr\u00e9cissement et est tr\u00e8s douce au toucher. La poche plaqu\u00e9e combin\u00e9e \u00e0 la capuche conf\u00e8re \u00e0 la veste de surv\u00eatement un look d\u00e9contract\u00e9. Pour les hommes et les femmes, la capuche est munie d'un cordon de serrage. Tu peux ainsi ajuster la taille individuellement. La fermeture de la veste et des manches avec des c\u00f4tes assure un maintien optimal. La veste \u00e0 capuche BASE s'adapte ainsi \u00e0 tes mouvements et \u00e9vite que le haut ne glisse.<\/p>","protected":false},"excerpt":{"rendered":"<p>couleur : vert sport<\/p>","protected":false},"featured_media":641604,"template":"","meta":[],"product_brand":[],"product_cat":[11572],"product_tag":[],"class_list":{"0":"post-642794","1":"product","2":"type-product","3":"status-publish","4":"has-post-thumbnail","6":"product_cat-athletes-in-action","8":"first","9":"instock","10":"taxable","11":"shipping-taxable","12":"purchasable","13":"product-type-variable","14":"add-to-wishlist-before_image"},"exclude_global_add_ons":false,"addons":[{"name":"Pression","type":"checkbox","position":1,"required":true,"title_format":"label","default":"","description_enable":false,"description":"","placeholder_enable":false,"placeholder":"","display":"select","restrictions_type":"any_text","adjust_price":false,"price":"","price_type":"flat_fee","restrictions":false,"min":"0","max":"0","options":[{"label":"Logo klein Brust","price":"6.50","price_type":"flat_fee","image":0,"visibility":true},{"label":"Logo klein Brust und gross R\u00fccken","price":"15.15","price_type":"flat_fee","image":0,"visibility":true},{"label":"Logo gross R\u00fccken","price":"8.65","price_type":"flat_fee","image":0,"visibility":true}],"id":1743709351}],"acf":[],"_links":{"self":[{"href":"https:\/\/shop.kustom.ch\/fr\/wp-json\/wp\/v2\/product\/642794"}],"collection":[{"href":"https:\/\/shop.kustom.ch\/fr\/wp-json\/wp\/v2\/product"}],"about":[{"href":"https:\/\/shop.kustom.ch\/fr\/wp-json\/wp\/v2\/types\/product"}],"wp:featuredmedia":[{"embeddable":true,"href":"https:\/\/shop.kustom.ch\/fr\/wp-json\/wp\/v2\/media\/641604"}],"wp:attachment":[{"href":"https:\/\/shop.kustom.ch\/fr\/wp-json\/wp\/v2\/media?parent=642794"}],"wp:term":[{"taxonomy":"product_brand","embeddable":true,"href":"https:\/\/shop.kustom.ch\/fr\/wp-json\/wp\/v2\/product_brand?post=642794"},{"taxonomy":"product_cat","embeddable":true,"href":"https:\/\/shop.kustom.ch\/fr\/wp-json\/wp\/v2\/product_cat?post=642794"},{"taxonomy":"product_tag","embeddable":true,"href":"https:\/\/shop.kustom.ch\/fr\/wp-json\/wp\/v2\/product_tag?post=642794"}],"curies":[{"name":"wp","href":"https:\/\/api.w.org\/{rel}","templated":true}]}}