{"id":642499,"date":"2025-04-02T22:38:09","date_gmt":"2025-04-02T21:38:09","guid":{"rendered":"https:\/\/shop.kustom.ch\/?post_type=product&#038;p=642499"},"modified":"2025-04-03T20:16:03","modified_gmt":"2025-04-03T19:16:03","slug":"jako-t-shirt-power","status":"publish","type":"product","link":"https:\/\/shop.kustom.ch\/fr\/produit\/jako-t-shirt-power\/","title":{"rendered":"T-Shirt Jako Power"},"content":{"rendered":"<p>Le mat\u00e9riau r\u00e9sistant et la protection contre le r\u00e9tr\u00e9cissement gr\u00e2ce \u00e0 un pr\u00e9traitement sp\u00e9cial offrent un engagement total lors de chaque activit\u00e9 de loisirs. Le m\u00e9lange de coton bio et de polyester conf\u00e8re au t-shirt de la Teamline Power un toucher particuli\u00e8rement doux. L'empi\u00e8cement contrast\u00e9 \u00e0 structure alv\u00e9olaire pr\u00e9sente des d\u00e9tails dynamiques. Laisse-toi convaincre et d\u00e9couvre le T-shirt JAKO Power.<\/p>","protected":false},"excerpt":{"rendered":"<p>couleur : marine<\/p>","protected":false},"featured_media":641732,"template":"","meta":[],"product_brand":[],"product_cat":[11572],"product_tag":[],"class_list":{"0":"post-642499","1":"product","2":"type-product","3":"status-publish","4":"has-post-thumbnail","6":"product_cat-athletes-in-action","8":"first","9":"instock","10":"taxable","11":"shipping-taxable","12":"purchasable","13":"product-type-variable","14":"add-to-wishlist-before_image"},"exclude_global_add_ons":false,"addons":[{"name":"Pression","type":"checkbox","position":1,"required":true,"title_format":"label","default":"","description_enable":false,"description":"","placeholder_enable":false,"placeholder":"","display":"select","restrictions_type":"any_text","adjust_price":false,"price":"","price_type":"flat_fee","restrictions":false,"min":"0","max":"0","options":[{"label":"Logo klein Brust","price":"6.50","price_type":"flat_fee","image":0,"visibility":true},{"label":"Logo klein Brust und gross R\u00fccken","price":"15.15","price_type":"flat_fee","image":0,"visibility":true},{"label":"Logo gross Brust","price":"8.65","price_type":"flat_fee","image":0,"visibility":true},{"label":"Logo gross R\u00fccken","price":"8.65","price_type":"flat_fee","image":0,"visibility":true}],"id":1743697030}],"acf":[],"_links":{"self":[{"href":"https:\/\/shop.kustom.ch\/fr\/wp-json\/wp\/v2\/product\/642499"}],"collection":[{"href":"https:\/\/shop.kustom.ch\/fr\/wp-json\/wp\/v2\/product"}],"about":[{"href":"https:\/\/shop.kustom.ch\/fr\/wp-json\/wp\/v2\/types\/product"}],"wp:featuredmedia":[{"embeddable":true,"href":"https:\/\/shop.kustom.ch\/fr\/wp-json\/wp\/v2\/media\/641732"}],"wp:attachment":[{"href":"https:\/\/shop.kustom.ch\/fr\/wp-json\/wp\/v2\/media?parent=642499"}],"wp:term":[{"taxonomy":"product_brand","embeddable":true,"href":"https:\/\/shop.kustom.ch\/fr\/wp-json\/wp\/v2\/product_brand?post=642499"},{"taxonomy":"product_cat","embeddable":true,"href":"https:\/\/shop.kustom.ch\/fr\/wp-json\/wp\/v2\/product_cat?post=642499"},{"taxonomy":"product_tag","embeddable":true,"href":"https:\/\/shop.kustom.ch\/fr\/wp-json\/wp\/v2\/product_tag?post=642499"}],"curies":[{"name":"wp","href":"https:\/\/api.w.org\/{rel}","templated":true}]}}