{"id":642459,"date":"2025-04-02T22:37:38","date_gmt":"2025-04-02T21:37:38","guid":{"rendered":"https:\/\/shop.kustom.ch\/?post_type=product&#038;p=642459"},"modified":"2025-06-26T08:20:27","modified_gmt":"2025-06-26T07:20:27","slug":"jako-t-shirt-premium-basics-2","status":"publish","type":"product","link":"https:\/\/shop.kustom.ch\/fr\/produit\/jako-t-shirt-premium-basics-2\/","title":{"rendered":"T-shirt Jako Premium Basics"},"content":{"rendered":"<p>Le sport et les loisirs sont de plus en plus \u00e9troitement li\u00e9s dans la vie de nombreuses personnes. C'est pourquoi JAKO t'envoie d\u00e8s maintenant au sport et \u00e0 la vie quotidienne dans les Premium Basics de haute qualit\u00e9. Le t-shirt de la ligne a une coupe sportive et un look moderne en m\u00e9lange. Ce m\u00e9lange de deux couleurs rappelle, par sa structure, l'asphalte sur lequel se d\u00e9roule la vie dans les grandes villes. Ce haut est fabriqu\u00e9 avec un dos allong\u00e9 et des manches raglan confortables. Le tissu en polyester 95 % et en \u00e9lasthanne 5 % s'adapte aux contours de ton corps et met en valeur ta silhouette sportive.<\/p>","protected":false},"excerpt":{"rendered":"<p>couleur : kaki chin\u00e9<\/p>","protected":false},"featured_media":670525,"template":"","meta":[],"product_brand":[],"product_cat":[11572],"product_tag":[],"class_list":{"0":"post-642459","1":"product","2":"type-product","3":"status-publish","4":"has-post-thumbnail","6":"product_cat-athletes-in-action","8":"first","9":"instock","10":"taxable","11":"shipping-taxable","12":"purchasable","13":"product-type-variable","14":"add-to-wishlist-before_image"},"exclude_global_add_ons":false,"addons":[{"name":"Pression","type":"checkbox","position":0,"required":true,"title_format":"label","default":"","description_enable":false,"description":"","placeholder_enable":false,"placeholder":"","display":"select","restrictions_type":"any_text","adjust_price":false,"price":"","price_type":"flat_fee","restrictions":false,"min":"0","max":"0","options":[{"label":"Logo klein Brust","price":"6.50","price_type":"flat_fee","image":0,"visibility":true},{"label":"Logo klein Brust und gross R\u00fccken","price":"15.15","price_type":"flat_fee","image":0,"visibility":true},{"label":"Logo gross Brust","price":"8.65","price_type":"flat_fee","image":0,"visibility":true},{"label":"Logo gross R\u00fccken","price":"8.65","price_type":"flat_fee","image":0,"visibility":true}],"id":1743696991}],"acf":[],"_links":{"self":[{"href":"https:\/\/shop.kustom.ch\/fr\/wp-json\/wp\/v2\/product\/642459"}],"collection":[{"href":"https:\/\/shop.kustom.ch\/fr\/wp-json\/wp\/v2\/product"}],"about":[{"href":"https:\/\/shop.kustom.ch\/fr\/wp-json\/wp\/v2\/types\/product"}],"wp:featuredmedia":[{"embeddable":true,"href":"https:\/\/shop.kustom.ch\/fr\/wp-json\/wp\/v2\/media\/670525"}],"wp:attachment":[{"href":"https:\/\/shop.kustom.ch\/fr\/wp-json\/wp\/v2\/media?parent=642459"}],"wp:term":[{"taxonomy":"product_brand","embeddable":true,"href":"https:\/\/shop.kustom.ch\/fr\/wp-json\/wp\/v2\/product_brand?post=642459"},{"taxonomy":"product_cat","embeddable":true,"href":"https:\/\/shop.kustom.ch\/fr\/wp-json\/wp\/v2\/product_cat?post=642459"},{"taxonomy":"product_tag","embeddable":true,"href":"https:\/\/shop.kustom.ch\/fr\/wp-json\/wp\/v2\/product_tag?post=642459"}],"curies":[{"name":"wp","href":"https:\/\/api.w.org\/{rel}","templated":true}]}}