{"id":642421,"date":"2025-04-02T22:37:07","date_gmt":"2025-04-02T21:37:07","guid":{"rendered":"https:\/\/shop.kustom.ch\/?post_type=product&#038;p=642421"},"modified":"2025-04-03T20:20:38","modified_gmt":"2025-04-03T19:20:38","slug":"jako-t-shirt-pro-casual-5","status":"publish","type":"product","link":"https:\/\/shop.kustom.ch\/fr\/produit\/jako-t-shirt-pro-casual-5\/","title":{"rendered":"Jako T-Shirt Pro Casual"},"content":{"rendered":"<p>Le T-shirt Pro Casual de JAKO convainc par sa mati\u00e8re douce et \u00e9lastique et son toucher moelleux. Gr\u00e2ce aux tons neutres et au discret branding tonal JAKO sur la manche droite, le T-shirt Casual convient \u00e0 toutes les \u00e9quipes.<\/p>","protected":false},"excerpt":{"rendered":"<p>couleur : smokey blue<\/p>","protected":false},"featured_media":641631,"template":"","meta":[],"product_brand":[],"product_cat":[11572],"product_tag":[],"class_list":{"0":"post-642421","1":"product","2":"type-product","3":"status-publish","4":"has-post-thumbnail","6":"product_cat-athletes-in-action","8":"first","9":"instock","10":"taxable","11":"shipping-taxable","12":"purchasable","13":"product-type-variable","14":"add-to-wishlist-before_image"},"exclude_global_add_ons":false,"addons":[{"name":"Pression","type":"checkbox","position":0,"required":true,"title_format":"label","default":"","description_enable":false,"description":"","placeholder_enable":false,"placeholder":"","display":"select","restrictions_type":"any_text","adjust_price":false,"price":"","price_type":"flat_fee","restrictions":false,"min":"0","max":"0","options":[{"label":"Logo klein Brust","price":"6.50","price_type":"flat_fee","image":0,"visibility":true},{"label":"Logo klein Brust und gross R\u00fccken","price":"15.15","price_type":"flat_fee","image":0,"visibility":true},{"label":"Logo gross Brust","price":"8.65","price_type":"flat_fee","image":0,"visibility":true},{"label":"Logo gross R\u00fccken","price":"8.65","price_type":"flat_fee","image":0,"visibility":true}],"id":1743696955}],"acf":[],"_links":{"self":[{"href":"https:\/\/shop.kustom.ch\/fr\/wp-json\/wp\/v2\/product\/642421"}],"collection":[{"href":"https:\/\/shop.kustom.ch\/fr\/wp-json\/wp\/v2\/product"}],"about":[{"href":"https:\/\/shop.kustom.ch\/fr\/wp-json\/wp\/v2\/types\/product"}],"wp:featuredmedia":[{"embeddable":true,"href":"https:\/\/shop.kustom.ch\/fr\/wp-json\/wp\/v2\/media\/641631"}],"wp:attachment":[{"href":"https:\/\/shop.kustom.ch\/fr\/wp-json\/wp\/v2\/media?parent=642421"}],"wp:term":[{"taxonomy":"product_brand","embeddable":true,"href":"https:\/\/shop.kustom.ch\/fr\/wp-json\/wp\/v2\/product_brand?post=642421"},{"taxonomy":"product_cat","embeddable":true,"href":"https:\/\/shop.kustom.ch\/fr\/wp-json\/wp\/v2\/product_cat?post=642421"},{"taxonomy":"product_tag","embeddable":true,"href":"https:\/\/shop.kustom.ch\/fr\/wp-json\/wp\/v2\/product_tag?post=642421"}],"curies":[{"name":"wp","href":"https:\/\/api.w.org\/{rel}","templated":true}]}}