{"id":642375,"date":"2025-04-02T22:36:34","date_gmt":"2025-04-02T21:36:34","guid":{"rendered":"https:\/\/shop.kustom.ch\/?post_type=product&#038;p=642375"},"modified":"2025-04-03T20:25:24","modified_gmt":"2025-04-03T19:25:24","slug":"jako-t-shirt-run-2-0-3","status":"publish","type":"product","link":"https:\/\/shop.kustom.ch\/fr\/produit\/jako-t-shirt-run-2-0-3\/","title":{"rendered":"T-Shirt Jako Run 2.0"},"content":{"rendered":"<p>JAKO envoie les coureurs sur le parcours dans la ligne hautement fonctionnelle RUN 2.0. Le dos est compos\u00e9 d'un insert en mesh respirant qui \u00e9loigne de la peau l'humidit\u00e9 produite par le sport, comme la transpiration, afin qu'elle puisse s'\u00e9vaporer \u00e0 la surface du textile. De cette mani\u00e8re, le haut garantit \u00e0 celui ou celle qui le porte des conditions optimales pour la course. Le maillot de course est con\u00e7u dans le look typique de la gamme.<\/p>","protected":false},"excerpt":{"rendered":"<p>couleur : gris pierre<\/p>","protected":false},"featured_media":641561,"template":"","meta":[],"product_brand":[],"product_cat":[11572],"product_tag":[],"class_list":{"0":"post-642375","1":"product","2":"type-product","3":"status-publish","4":"has-post-thumbnail","6":"product_cat-athletes-in-action","8":"first","9":"instock","10":"taxable","11":"shipping-taxable","12":"purchasable","13":"product-type-variable","14":"add-to-wishlist-before_image"},"exclude_global_add_ons":false,"addons":[{"name":"Pression","type":"checkbox","position":1,"required":true,"title_format":"label","default":"","description_enable":false,"description":"","placeholder_enable":false,"placeholder":"","display":"select","restrictions_type":"any_text","adjust_price":false,"price":"","price_type":"flat_fee","restrictions":false,"min":"0","max":"0","options":[{"label":"Logo klein Brust","price":"6.50","price_type":"flat_fee","image":0,"visibility":true},{"label":"Logo klein Brust und gross R\u00fccken","price":"15.15","price_type":"flat_fee","image":0,"visibility":true},{"label":"Logo gross Brust","price":"8.65","price_type":"flat_fee","image":0,"visibility":true},{"label":"Logo gross R\u00fccken","price":"8.65","price_type":"flat_fee","image":0,"visibility":true}],"id":1743696873}],"acf":[],"_links":{"self":[{"href":"https:\/\/shop.kustom.ch\/fr\/wp-json\/wp\/v2\/product\/642375"}],"collection":[{"href":"https:\/\/shop.kustom.ch\/fr\/wp-json\/wp\/v2\/product"}],"about":[{"href":"https:\/\/shop.kustom.ch\/fr\/wp-json\/wp\/v2\/types\/product"}],"wp:featuredmedia":[{"embeddable":true,"href":"https:\/\/shop.kustom.ch\/fr\/wp-json\/wp\/v2\/media\/641561"}],"wp:attachment":[{"href":"https:\/\/shop.kustom.ch\/fr\/wp-json\/wp\/v2\/media?parent=642375"}],"wp:term":[{"taxonomy":"product_brand","embeddable":true,"href":"https:\/\/shop.kustom.ch\/fr\/wp-json\/wp\/v2\/product_brand?post=642375"},{"taxonomy":"product_cat","embeddable":true,"href":"https:\/\/shop.kustom.ch\/fr\/wp-json\/wp\/v2\/product_cat?post=642375"},{"taxonomy":"product_tag","embeddable":true,"href":"https:\/\/shop.kustom.ch\/fr\/wp-json\/wp\/v2\/product_tag?post=642375"}],"curies":[{"name":"wp","href":"https:\/\/api.w.org\/{rel}","templated":true}]}}