{"id":642283,"date":"2025-04-02T22:35:25","date_gmt":"2025-04-02T21:35:25","guid":{"rendered":"https:\/\/shop.kustom.ch\/?post_type=product&#038;p=642283"},"modified":"2025-04-03T20:43:35","modified_gmt":"2025-04-03T19:43:35","slug":"jako-t-shirt-base","status":"publish","type":"product","link":"https:\/\/shop.kustom.ch\/fr\/produit\/jako-t-shirt-base\/","title":{"rendered":"T-Shirt Jako Base"},"content":{"rendered":"<p>Le confort rencontre le design classique. Le t-shirt BASE est le compagnon id\u00e9al au quotidien. La coupe sp\u00e9ciale de ce mod\u00e8le f\u00e9minin met en valeur la silhouette de la femme et s'adapte \u00e0 ses mouvements lorsqu'elle fait du sport. D\u00e9couvre maintenant le confortable t-shirt BASE. Ce haut d\u00e9contract\u00e9 est compos\u00e9 \u00e0 100% de coton bio. Le t-shirt est donc particuli\u00e8rement doux et confortable \u00e0 porter. Le confort est encore renforc\u00e9 par le col rond \u00e0 c\u00f4tes. Le T-shirt BASE est pr\u00e9trait\u00e9 pour le r\u00e9tr\u00e9cissement. Le logo JAKO est plac\u00e9 sur la poitrine droite du haut.<\/p>","protected":false},"excerpt":{"rendered":"<p>couleur : anthracite<\/p>","protected":false},"featured_media":641464,"template":"","meta":[],"product_brand":[],"product_cat":[11572],"product_tag":[],"class_list":{"0":"post-642283","1":"product","2":"type-product","3":"status-publish","4":"has-post-thumbnail","6":"product_cat-athletes-in-action","8":"first","9":"instock","10":"taxable","11":"shipping-taxable","12":"purchasable","13":"product-type-variable","14":"add-to-wishlist-before_image"},"exclude_global_add_ons":false,"addons":[{"name":"Pression","type":"checkbox","position":0,"required":true,"title_format":"label","default":"","description_enable":false,"description":"","placeholder_enable":false,"placeholder":"","display":"select","restrictions_type":"any_text","adjust_price":false,"price":"","price_type":"flat_fee","restrictions":false,"min":"0","max":"0","options":[{"label":"Logo klein Brust","price":"6.50","price_type":"flat_fee","image":0,"visibility":true},{"label":"Logo klein Brust und gross R\u00fccken","price":"15.15","price_type":"flat_fee","image":0,"visibility":true},{"label":"Logo gross Brust","price":"8.65","price_type":"flat_fee","image":0,"visibility":true},{"label":"Logo gross R\u00fccken","price":"8.65","price_type":"flat_fee","image":0,"visibility":true}],"id":1743696777}],"acf":[],"_links":{"self":[{"href":"https:\/\/shop.kustom.ch\/fr\/wp-json\/wp\/v2\/product\/642283"}],"collection":[{"href":"https:\/\/shop.kustom.ch\/fr\/wp-json\/wp\/v2\/product"}],"about":[{"href":"https:\/\/shop.kustom.ch\/fr\/wp-json\/wp\/v2\/types\/product"}],"wp:featuredmedia":[{"embeddable":true,"href":"https:\/\/shop.kustom.ch\/fr\/wp-json\/wp\/v2\/media\/641464"}],"wp:attachment":[{"href":"https:\/\/shop.kustom.ch\/fr\/wp-json\/wp\/v2\/media?parent=642283"}],"wp:term":[{"taxonomy":"product_brand","embeddable":true,"href":"https:\/\/shop.kustom.ch\/fr\/wp-json\/wp\/v2\/product_brand?post=642283"},{"taxonomy":"product_cat","embeddable":true,"href":"https:\/\/shop.kustom.ch\/fr\/wp-json\/wp\/v2\/product_cat?post=642283"},{"taxonomy":"product_tag","embeddable":true,"href":"https:\/\/shop.kustom.ch\/fr\/wp-json\/wp\/v2\/product_tag?post=642283"}],"curies":[{"name":"wp","href":"https:\/\/api.w.org\/{rel}","templated":true}]}}