{"id":642246,"date":"2025-04-02T22:34:55","date_gmt":"2025-04-02T21:34:55","guid":{"rendered":"https:\/\/shop.kustom.ch\/?post_type=product&#038;p=642246"},"modified":"2025-04-03T20:49:10","modified_gmt":"2025-04-03T19:49:10","slug":"jako-t-shirt-organic","status":"publish","type":"product","link":"https:\/\/shop.kustom.ch\/fr\/produit\/jako-t-shirt-organic\/","title":{"rendered":"T-Shirt Jako Organic"},"content":{"rendered":"<p>Notre T-shirt Organic est en coton bio 100 % peign\u00e9 et ring-spun, dans une qualit\u00e9 jersey simple tr\u00e8s douce. Gr\u00e2ce \u00e0 sa finition de haute qualit\u00e9, ce classique est le T-shirt optimal pour les v\u00eatements professionnels de tout type. Comme pour tous les articles de notre gamme Corporate Teamwear, les coutures renforc\u00e9es aux \u00e9paules rendent le T-shirt particuli\u00e8rement ind\u00e9formable et r\u00e9sistant \u00e0 l'usure. La qualit\u00e9 sup\u00e9rieure se manifeste \u00e9galement lors du lavage : Le mod\u00e8le est lavable \u00e0 60\u00b0. Gr\u00e2ce aux colorants de haute qualit\u00e9, il conserve ses couleurs m\u00eame apr\u00e8s plusieurs lavages intensifs. Le T-shirt Organic pour hommes a un col rond \u00e0 c\u00f4tes et les variantes pour femmes un col \u00e0 c\u00f4tes avec une encolure en V.<\/p>","protected":false},"excerpt":{"rendered":"<p>couleur : marine<\/p>","protected":false},"featured_media":641501,"template":"","meta":[],"product_brand":[],"product_cat":[11572],"product_tag":[],"class_list":{"0":"post-642246","1":"product","2":"type-product","3":"status-publish","4":"has-post-thumbnail","6":"product_cat-athletes-in-action","8":"first","9":"instock","10":"taxable","11":"shipping-taxable","12":"purchasable","13":"product-type-variable","14":"add-to-wishlist-before_image"},"exclude_global_add_ons":false,"addons":[{"name":"Pression","type":"checkbox","position":0,"required":true,"title_format":"label","default":"","description_enable":false,"description":"","placeholder_enable":false,"placeholder":"","display":"select","restrictions_type":"any_text","adjust_price":false,"price":"","price_type":"flat_fee","restrictions":false,"min":"0","max":"0","options":[{"label":"Logo klein Brust","price":"6.50","price_type":"flat_fee","image":0,"visibility":true},{"label":"Logo klein Brust und gross R\u00fccken","price":"15.15","price_type":"flat_fee","image":0,"visibility":true},{"label":"Logo gross Brust","price":"8.65","price_type":"flat_fee","image":0,"visibility":true},{"label":"Logo gross R\u00fccken","price":"8.65","price_type":"flat_fee","image":0,"visibility":true}],"id":1743645677}],"acf":[],"_links":{"self":[{"href":"https:\/\/shop.kustom.ch\/fr\/wp-json\/wp\/v2\/product\/642246"}],"collection":[{"href":"https:\/\/shop.kustom.ch\/fr\/wp-json\/wp\/v2\/product"}],"about":[{"href":"https:\/\/shop.kustom.ch\/fr\/wp-json\/wp\/v2\/types\/product"}],"wp:featuredmedia":[{"embeddable":true,"href":"https:\/\/shop.kustom.ch\/fr\/wp-json\/wp\/v2\/media\/641501"}],"wp:attachment":[{"href":"https:\/\/shop.kustom.ch\/fr\/wp-json\/wp\/v2\/media?parent=642246"}],"wp:term":[{"taxonomy":"product_brand","embeddable":true,"href":"https:\/\/shop.kustom.ch\/fr\/wp-json\/wp\/v2\/product_brand?post=642246"},{"taxonomy":"product_cat","embeddable":true,"href":"https:\/\/shop.kustom.ch\/fr\/wp-json\/wp\/v2\/product_cat?post=642246"},{"taxonomy":"product_tag","embeddable":true,"href":"https:\/\/shop.kustom.ch\/fr\/wp-json\/wp\/v2\/product_tag?post=642246"}],"curies":[{"name":"wp","href":"https:\/\/api.w.org\/{rel}","templated":true}]}}