{"id":641981,"date":"2025-04-01T20:41:15","date_gmt":"2025-04-01T19:41:15","guid":{"rendered":"https:\/\/shop.kustom.ch\/?post_type=product&#038;p=641981"},"modified":"2025-04-04T13:57:03","modified_gmt":"2025-04-04T12:57:03","slug":"t-shirt-run-2-0-2","status":"publish","type":"product","link":"https:\/\/shop.kustom.ch\/fr\/produit\/t-shirt-run-2-0-2\/","title":{"rendered":"Chemise de juge"},"content":{"rendered":"<p>JAKO envoie les coureuses et les coureurs sur le parcours avec la ligne hautement fonctionnelle RUN 2.0. Le dos est compos\u00e9 d'un insert en mesh respirant qui \u00e9vacue l'humidit\u00e9 et la transpiration de la peau pour qu'elles puissent s'\u00e9vaporer \u00e0 la surface du textile. De cette mani\u00e8re, le haut garantit \u00e0 celui ou celle qui le porte des conditions optimales pour la course.<\/p>\n<p>Mat\u00e9riau : polyester 100%<\/p>","protected":false},"excerpt":{"rendered":"<p>couleur : blanc<\/p>","protected":false},"featured_media":641812,"template":"","meta":[],"product_brand":[],"product_cat":[11574],"product_tag":[],"class_list":{"0":"post-641981","1":"product","2":"type-product","3":"status-publish","4":"has-post-thumbnail","6":"product_cat-sc-herisau","8":"first","9":"instock","10":"taxable","11":"shipping-taxable","12":"purchasable","13":"product-type-variable","14":"add-to-wishlist-before_image"},"exclude_global_add_ons":[],"addons":[],"acf":[],"_links":{"self":[{"href":"https:\/\/shop.kustom.ch\/fr\/wp-json\/wp\/v2\/product\/641981"}],"collection":[{"href":"https:\/\/shop.kustom.ch\/fr\/wp-json\/wp\/v2\/product"}],"about":[{"href":"https:\/\/shop.kustom.ch\/fr\/wp-json\/wp\/v2\/types\/product"}],"wp:featuredmedia":[{"embeddable":true,"href":"https:\/\/shop.kustom.ch\/fr\/wp-json\/wp\/v2\/media\/641812"}],"wp:attachment":[{"href":"https:\/\/shop.kustom.ch\/fr\/wp-json\/wp\/v2\/media?parent=641981"}],"wp:term":[{"taxonomy":"product_brand","embeddable":true,"href":"https:\/\/shop.kustom.ch\/fr\/wp-json\/wp\/v2\/product_brand?post=641981"},{"taxonomy":"product_cat","embeddable":true,"href":"https:\/\/shop.kustom.ch\/fr\/wp-json\/wp\/v2\/product_cat?post=641981"},{"taxonomy":"product_tag","embeddable":true,"href":"https:\/\/shop.kustom.ch\/fr\/wp-json\/wp\/v2\/product_tag?post=641981"}],"curies":[{"name":"wp","href":"https:\/\/api.w.org\/{rel}","templated":true}]}}