{"id":641980,"date":"2025-04-01T20:41:15","date_gmt":"2025-04-01T19:41:15","guid":{"rendered":"https:\/\/shop.kustom.ch\/?post_type=product&#038;p=641980"},"modified":"2025-04-02T06:37:38","modified_gmt":"2025-04-02T05:37:38","slug":"tight-power-2","status":"publish","type":"product","link":"https:\/\/shop.kustom.ch\/fr\/produit\/tight-power-2\/","title":{"rendered":"Tight Power"},"content":{"rendered":"<p>Pr\u00e9pare-toi \u00e0 une performance maximale. Le collant Power pour femmes est le compagnon id\u00e9al de ton entra\u00eenement. Avec un design moderne et des d\u00e9tails bien pens\u00e9s, ce collant pose des jalons sportifs et des accents de mode. La ceinture confortable et extra large garantit une coupe optimale. La poche lat\u00e9rale \u00e0 droite et la petite poche \u00e0 cl\u00e9s dans la ceinture confort offrent un espace de rangement pratique pour tes essentiels. L'empi\u00e8cement lat\u00e9ral en nid d'abeille conf\u00e8re au collant une note moderne, tandis que les coutures flatlock assurent un confort maximal. Avec un minimum de 50 % de polyester recycl\u00e9, le collant Power pour femmes est une d\u00e9claration claire en faveur de la durabilit\u00e9. La fonction Keep Dry te garde agr\u00e9ablement au sec pendant chaque entra\u00eenement. Les fibres microfines transportent l'humidit\u00e9 directement \u00e0 la surface du tissu.<\/p>\n<p>Mat\u00e9riau : polyester 100%<\/p>","protected":false},"excerpt":{"rendered":"<p>couleur : noir\/blanc<\/p>","protected":false},"featured_media":642051,"template":"","meta":[],"product_brand":[],"product_cat":[11574],"product_tag":[],"class_list":{"0":"post-641980","1":"product","2":"type-product","3":"status-publish","4":"has-post-thumbnail","6":"product_cat-sc-herisau","8":"first","9":"instock","10":"taxable","11":"shipping-taxable","12":"purchasable","13":"product-type-variable","14":"add-to-wishlist-before_image"},"exclude_global_add_ons":[],"addons":[],"acf":[],"_links":{"self":[{"href":"https:\/\/shop.kustom.ch\/fr\/wp-json\/wp\/v2\/product\/641980"}],"collection":[{"href":"https:\/\/shop.kustom.ch\/fr\/wp-json\/wp\/v2\/product"}],"about":[{"href":"https:\/\/shop.kustom.ch\/fr\/wp-json\/wp\/v2\/types\/product"}],"wp:featuredmedia":[{"embeddable":true,"href":"https:\/\/shop.kustom.ch\/fr\/wp-json\/wp\/v2\/media\/642051"}],"wp:attachment":[{"href":"https:\/\/shop.kustom.ch\/fr\/wp-json\/wp\/v2\/media?parent=641980"}],"wp:term":[{"taxonomy":"product_brand","embeddable":true,"href":"https:\/\/shop.kustom.ch\/fr\/wp-json\/wp\/v2\/product_brand?post=641980"},{"taxonomy":"product_cat","embeddable":true,"href":"https:\/\/shop.kustom.ch\/fr\/wp-json\/wp\/v2\/product_cat?post=641980"},{"taxonomy":"product_tag","embeddable":true,"href":"https:\/\/shop.kustom.ch\/fr\/wp-json\/wp\/v2\/product_tag?post=641980"}],"curies":[{"name":"wp","href":"https:\/\/api.w.org\/{rel}","templated":true}]}}