{"id":641979,"date":"2025-04-01T20:41:14","date_gmt":"2025-04-01T19:41:14","guid":{"rendered":"https:\/\/shop.kustom.ch\/?post_type=product&#038;p=641979"},"modified":"2025-08-25T07:50:47","modified_gmt":"2025-08-25T06:50:47","slug":"shorts-power","status":"publish","type":"product","link":"https:\/\/shop.kustom.ch\/fr\/produit\/shorts-power\/","title":{"rendered":"Short Power"},"content":{"rendered":"<p>Avec sa taille \u00e9lastique en deux parties et son cordon de serrage, le short JAKO Power s'adapte individuellement et offre un maintien parfait. La fonction Keep Dry, qui permet au tissu de s\u00e9cher rapidement et le prot\u00e8ge du refroidissement, assure une sensation agr\u00e9able pendant le sport. L'empi\u00e8cement contrast\u00e9 \u00e0 structure alv\u00e9olaire sur le c\u00f4t\u00e9 du short de sport apporte un d\u00e9tail Power dynamique et l'interlock en polyester offre une grande r\u00e9sistance du mat\u00e9riau. 100% des mat\u00e9riaux utilis\u00e9s sont en polyester recycl\u00e9. <\/p>\n<p>Mat\u00e9riau : polyester 100%<\/p>","protected":false},"excerpt":{"rendered":"<p>couleur : noir\/blanc<\/p>","protected":false},"featured_media":650901,"template":"","meta":[],"product_brand":[],"product_cat":[11574],"product_tag":[],"class_list":{"0":"post-641979","1":"product","2":"type-product","3":"status-publish","4":"has-post-thumbnail","6":"product_cat-sc-herisau","8":"first","9":"instock","10":"taxable","11":"shipping-taxable","12":"purchasable","13":"product-type-variable","14":"add-to-wishlist-before_image"},"exclude_global_add_ons":false,"addons":[{"name":"Facultatif : Initiale\/num\u00e9ro","type":"custom_text","position":0,"required":false,"title_format":"label","default":"","description_enable":false,"description":"","placeholder_enable":false,"placeholder":"","display":"select","restrictions_type":"any_text","adjust_price":true,"price":"5","price_type":"flat_fee","restrictions":false,"min":"0","max":"0","options":[],"id":1743540999}],"acf":[],"_links":{"self":[{"href":"https:\/\/shop.kustom.ch\/fr\/wp-json\/wp\/v2\/product\/641979"}],"collection":[{"href":"https:\/\/shop.kustom.ch\/fr\/wp-json\/wp\/v2\/product"}],"about":[{"href":"https:\/\/shop.kustom.ch\/fr\/wp-json\/wp\/v2\/types\/product"}],"wp:featuredmedia":[{"embeddable":true,"href":"https:\/\/shop.kustom.ch\/fr\/wp-json\/wp\/v2\/media\/650901"}],"wp:attachment":[{"href":"https:\/\/shop.kustom.ch\/fr\/wp-json\/wp\/v2\/media?parent=641979"}],"wp:term":[{"taxonomy":"product_brand","embeddable":true,"href":"https:\/\/shop.kustom.ch\/fr\/wp-json\/wp\/v2\/product_brand?post=641979"},{"taxonomy":"product_cat","embeddable":true,"href":"https:\/\/shop.kustom.ch\/fr\/wp-json\/wp\/v2\/product_cat?post=641979"},{"taxonomy":"product_tag","embeddable":true,"href":"https:\/\/shop.kustom.ch\/fr\/wp-json\/wp\/v2\/product_tag?post=641979"}],"curies":[{"name":"wp","href":"https:\/\/api.w.org\/{rel}","templated":true}]}}