{"id":641932,"date":"2025-04-01T20:40:46","date_gmt":"2025-04-01T19:40:46","guid":{"rendered":"https:\/\/shop.kustom.ch\/?post_type=product&#038;p=641932"},"modified":"2025-04-08T14:16:47","modified_gmt":"2025-04-08T13:16:47","slug":"kapuzenjacke-iconic-5","status":"publish","type":"product","link":"https:\/\/shop.kustom.ch\/fr\/produit\/kapuzenjacke-iconic-5\/","title":{"rendered":"Veste \u00e0 capuche Iconic"},"content":{"rendered":"<p>Cette veste moderne n'incarne pas seulement une \u00e9l\u00e9gance intemporelle, elle fait aussi une d\u00e9claration forte en faveur de la durabilit\u00e9. Notre veste \u00e0 capuche Iconic est 100 % en polyester recycl\u00e9 et offre un espace de rangement pour tes objets de valeur gr\u00e2ce \u00e0 ses poches lat\u00e9rales zipp\u00e9es. Gr\u00e2ce \u00e0 la fonction Keep Dry, cette veste \u00e0 capuche d\u00e9fie les \u00e9l\u00e9ments. Les fibres microfines transportent l'humidit\u00e9 \u00e0 la surface du tissu. Tu conserves ainsi une sensation agr\u00e9able pendant le sport. <\/p>\n<p>Mat\u00e9riau : polyester 100%<\/p>","protected":false},"excerpt":{"rendered":"<p>couleur : royal\/marine<\/p>","protected":false},"featured_media":650903,"template":"","meta":[],"product_brand":[],"product_cat":[11574],"product_tag":[],"class_list":{"0":"post-641932","1":"product","2":"type-product","3":"status-publish","4":"has-post-thumbnail","6":"product_cat-sc-herisau","8":"first","9":"instock","10":"taxable","11":"shipping-taxable","12":"purchasable","13":"product-type-variable","14":"add-to-wishlist-before_image"},"exclude_global_add_ons":false,"addons":[{"name":"Facultatif : Initiale\/num\u00e9ro","type":"custom_text","position":0,"required":false,"title_format":"label","default":"","description_enable":false,"description":"","placeholder_enable":false,"placeholder":"","display":"select","restrictions_type":"any_text","adjust_price":true,"price":"5","price_type":"flat_fee","restrictions":false,"min":"0","max":"0","options":[],"id":1743541080}],"acf":[],"_links":{"self":[{"href":"https:\/\/shop.kustom.ch\/fr\/wp-json\/wp\/v2\/product\/641932"}],"collection":[{"href":"https:\/\/shop.kustom.ch\/fr\/wp-json\/wp\/v2\/product"}],"about":[{"href":"https:\/\/shop.kustom.ch\/fr\/wp-json\/wp\/v2\/types\/product"}],"wp:featuredmedia":[{"embeddable":true,"href":"https:\/\/shop.kustom.ch\/fr\/wp-json\/wp\/v2\/media\/650903"}],"wp:attachment":[{"href":"https:\/\/shop.kustom.ch\/fr\/wp-json\/wp\/v2\/media?parent=641932"}],"wp:term":[{"taxonomy":"product_brand","embeddable":true,"href":"https:\/\/shop.kustom.ch\/fr\/wp-json\/wp\/v2\/product_brand?post=641932"},{"taxonomy":"product_cat","embeddable":true,"href":"https:\/\/shop.kustom.ch\/fr\/wp-json\/wp\/v2\/product_cat?post=641932"},{"taxonomy":"product_tag","embeddable":true,"href":"https:\/\/shop.kustom.ch\/fr\/wp-json\/wp\/v2\/product_tag?post=641932"}],"curies":[{"name":"wp","href":"https:\/\/api.w.org\/{rel}","templated":true}]}}