{"id":641931,"date":"2025-04-01T20:40:46","date_gmt":"2025-04-01T19:40:46","guid":{"rendered":"https:\/\/shop.kustom.ch\/?post_type=product&#038;p=641931"},"modified":"2025-04-08T14:16:17","modified_gmt":"2025-04-08T13:16:17","slug":"sweat-iconic-3","status":"publish","type":"product","link":"https:\/\/shop.kustom.ch\/fr\/produit\/sweat-iconic-3\/","title":{"rendered":"Sweat Iconic"},"content":{"rendered":"<p>Ce sweat-shirt n'incarne pas seulement le chic urbain, il est aussi un symbole de la mode \u00e9cologique. Au moins 50 % de polyester recycl\u00e9 font de ce sweat-shirt non seulement un produit particuli\u00e8rement durable, mais aussi un v\u00e9ritable accroche-regard. Le body avec un int\u00e9rieur en polaire douce assure un confort douillet, tandis que les manches en m\u00e9lange de polyester et d'\u00e9lasthanne hautement \u00e9lastique garantissent une libert\u00e9 de mouvement maximale. Les fibres microfines transportent l'humidit\u00e9 \u00e0 la surface du tissu. Tu conserves ainsi une sensation corporelle agr\u00e9able pendant le sport.<\/p>\n<p>Mat\u00e9riau : polyester 100%<\/p>","protected":false},"excerpt":{"rendered":"<p>couleur : royal\/marine<\/p>","protected":false},"featured_media":650902,"template":"","meta":[],"product_brand":[],"product_cat":[11574],"product_tag":[],"class_list":{"0":"post-641931","1":"product","2":"type-product","3":"status-publish","4":"has-post-thumbnail","6":"product_cat-sc-herisau","8":"first","9":"instock","10":"taxable","11":"shipping-taxable","12":"purchasable","13":"product-type-variable","14":"add-to-wishlist-before_image"},"exclude_global_add_ons":false,"addons":[{"name":"Facultatif : Initiale\/num\u00e9ro","type":"custom_text","position":0,"required":false,"title_format":"label","default":"","description_enable":false,"description":"","placeholder_enable":false,"placeholder":"","display":"select","restrictions_type":"any_text","adjust_price":true,"price":"5","price_type":"flat_fee","restrictions":false,"min":"0","max":"0","options":[],"id":1743541023}],"acf":[],"_links":{"self":[{"href":"https:\/\/shop.kustom.ch\/fr\/wp-json\/wp\/v2\/product\/641931"}],"collection":[{"href":"https:\/\/shop.kustom.ch\/fr\/wp-json\/wp\/v2\/product"}],"about":[{"href":"https:\/\/shop.kustom.ch\/fr\/wp-json\/wp\/v2\/types\/product"}],"wp:featuredmedia":[{"embeddable":true,"href":"https:\/\/shop.kustom.ch\/fr\/wp-json\/wp\/v2\/media\/650902"}],"wp:attachment":[{"href":"https:\/\/shop.kustom.ch\/fr\/wp-json\/wp\/v2\/media?parent=641931"}],"wp:term":[{"taxonomy":"product_brand","embeddable":true,"href":"https:\/\/shop.kustom.ch\/fr\/wp-json\/wp\/v2\/product_brand?post=641931"},{"taxonomy":"product_cat","embeddable":true,"href":"https:\/\/shop.kustom.ch\/fr\/wp-json\/wp\/v2\/product_cat?post=641931"},{"taxonomy":"product_tag","embeddable":true,"href":"https:\/\/shop.kustom.ch\/fr\/wp-json\/wp\/v2\/product_tag?post=641931"}],"curies":[{"name":"wp","href":"https:\/\/api.w.org\/{rel}","templated":true}]}}