{"id":641930,"date":"2025-04-01T20:40:46","date_gmt":"2025-04-01T19:40:46","guid":{"rendered":"https:\/\/shop.kustom.ch\/?post_type=product&#038;p=641930"},"modified":"2025-04-08T14:16:11","modified_gmt":"2025-04-08T13:16:11","slug":"t-shirt-iconic-5","status":"publish","type":"product","link":"https:\/\/shop.kustom.ch\/fr\/produit\/t-shirt-iconic-5\/","title":{"rendered":"T-shirt Iconic"},"content":{"rendered":"<p>Le T-shirt Iconic est particuli\u00e8rement durable et se compose \u00e0 100 % de polyester recycl\u00e9. Le col rond avec empi\u00e8cement c\u00f4tel\u00e9 conf\u00e8re \u00e0 ce T-shirt une \u00e9l\u00e9gance intemporelle. Le confort et le respect de l'environnement vont de pair, tandis que la fonction Keep Dry garantit que tu restes au frais par tous les temps. Les fibres microfines transportent l'humidit\u00e9 \u00e0 la surface du tissu et assurent une sensation corporelle agr\u00e9able pendant le sport.<\/p>\n<p>Mat\u00e9riau : polyester 100%<\/p>","protected":false},"excerpt":{"rendered":"<p>couleur : royal\/marine<\/p>","protected":false},"featured_media":650904,"template":"","meta":[],"product_brand":[],"product_cat":[11574],"product_tag":[],"class_list":{"0":"post-641930","1":"product","2":"type-product","3":"status-publish","4":"has-post-thumbnail","6":"product_cat-sc-herisau","8":"first","9":"instock","10":"taxable","11":"shipping-taxable","12":"purchasable","13":"product-type-variable","14":"add-to-wishlist-before_image"},"exclude_global_add_ons":false,"addons":[{"name":"Facultatif : Initiale\/num\u00e9ro","type":"custom_text","position":0,"required":false,"title_format":"label","default":"","description_enable":false,"description":"","placeholder_enable":false,"placeholder":"","display":"select","restrictions_type":"any_text","adjust_price":true,"price":"5","price_type":"flat_fee","restrictions":false,"min":"0","max":"0","options":[],"id":1743541042}],"acf":[],"_links":{"self":[{"href":"https:\/\/shop.kustom.ch\/fr\/wp-json\/wp\/v2\/product\/641930"}],"collection":[{"href":"https:\/\/shop.kustom.ch\/fr\/wp-json\/wp\/v2\/product"}],"about":[{"href":"https:\/\/shop.kustom.ch\/fr\/wp-json\/wp\/v2\/types\/product"}],"wp:featuredmedia":[{"embeddable":true,"href":"https:\/\/shop.kustom.ch\/fr\/wp-json\/wp\/v2\/media\/650904"}],"wp:attachment":[{"href":"https:\/\/shop.kustom.ch\/fr\/wp-json\/wp\/v2\/media?parent=641930"}],"wp:term":[{"taxonomy":"product_brand","embeddable":true,"href":"https:\/\/shop.kustom.ch\/fr\/wp-json\/wp\/v2\/product_brand?post=641930"},{"taxonomy":"product_cat","embeddable":true,"href":"https:\/\/shop.kustom.ch\/fr\/wp-json\/wp\/v2\/product_cat?post=641930"},{"taxonomy":"product_tag","embeddable":true,"href":"https:\/\/shop.kustom.ch\/fr\/wp-json\/wp\/v2\/product_tag?post=641930"}],"curies":[{"name":"wp","href":"https:\/\/api.w.org\/{rel}","templated":true}]}}