{"id":641439,"date":"2025-04-01T12:01:02","date_gmt":"2025-04-01T11:01:02","guid":{"rendered":"https:\/\/shop.kustom.ch\/?post_type=product&#038;p=641439"},"modified":"2025-12-15T11:36:33","modified_gmt":"2025-12-15T10:36:33","slug":"trinkflasche-team-2","status":"publish","type":"product","link":"https:\/\/shop.kustom.ch\/fr\/produit\/trinkflasche-team-2\/","title":{"rendered":"Bouteille d'eau Team"},"content":{"rendered":"<p>Faire le plein d'\u00e9nergie.<br \/>\ncapacit\u00e9 de 800 ml<br \/>\nAnti-fuite et imm\u00e9diatement pr\u00eat \u00e0 boire gr\u00e2ce \u00e0 la valve push\/pull<br \/>\nBouchon \u00e0 vis<br \/>\nConvient pour les aliments et sans BPA<br \/>\nFacile \u00e0 nettoyer<br \/>\nPersonnalisable avec le logo de l'association<\/p>","protected":false},"excerpt":{"rendered":"<p>Neue Energie tanken. 800 ml Fassungsverm\u00f6gen Auslaufsicher und sofort trinkbereit dank Push\/Pull-Ventil Schraubverschluss Lebensmittelecht und BPA-frei Leicht zu reinigen Individualisierbar mit Vereinslogo<\/p>","protected":false},"featured_media":159963,"template":"","meta":[],"product_brand":[],"product_cat":[9643,4207,6440],"product_tag":[],"class_list":{"0":"post-641439","1":"product","2":"type-product","3":"status-publish","4":"has-post-thumbnail","6":"product_cat-equipment","7":"product_cat-wasserflaschen","8":"product_cat-svri-spieler","9":"pa_brand-type-sportswear","10":"pa_filter-color-schwarz","12":"first","13":"instock","14":"taxable","15":"shipping-taxable","16":"purchasable","17":"product-type-variable","18":"add-to-wishlist-before_image"},"exclude_global_add_ons":[],"addons":[],"acf":[],"_links":{"self":[{"href":"https:\/\/shop.kustom.ch\/fr\/wp-json\/wp\/v2\/product\/641439"}],"collection":[{"href":"https:\/\/shop.kustom.ch\/fr\/wp-json\/wp\/v2\/product"}],"about":[{"href":"https:\/\/shop.kustom.ch\/fr\/wp-json\/wp\/v2\/types\/product"}],"wp:featuredmedia":[{"embeddable":true,"href":"https:\/\/shop.kustom.ch\/fr\/wp-json\/wp\/v2\/media\/159963"}],"wp:attachment":[{"href":"https:\/\/shop.kustom.ch\/fr\/wp-json\/wp\/v2\/media?parent=641439"}],"wp:term":[{"taxonomy":"product_brand","embeddable":true,"href":"https:\/\/shop.kustom.ch\/fr\/wp-json\/wp\/v2\/product_brand?post=641439"},{"taxonomy":"product_cat","embeddable":true,"href":"https:\/\/shop.kustom.ch\/fr\/wp-json\/wp\/v2\/product_cat?post=641439"},{"taxonomy":"product_tag","embeddable":true,"href":"https:\/\/shop.kustom.ch\/fr\/wp-json\/wp\/v2\/product_tag?post=641439"}],"curies":[{"name":"wp","href":"https:\/\/api.w.org\/{rel}","templated":true}]}}