{"id":641362,"date":"2025-03-25T17:11:12","date_gmt":"2025-03-25T16:11:12","guid":{"rendered":"https:\/\/shop.kustom.ch\/?post_type=product&#038;p=641362"},"modified":"2025-03-25T17:12:07","modified_gmt":"2025-03-25T16:12:07","slug":"flash-duro-hybrid","status":"publish","type":"product","link":"https:\/\/shop.kustom.ch\/fr\/produit\/flash-duro-hybrid\/","title":{"rendered":"Flash Duro hybride"},"content":{"rendered":"<p>Notre balle hybride - cousue et coll\u00e9e - pour une durabilit\u00e9 ultime et des caract\u00e9ristiques de jeu parfaites \u00e0 tous les niveaux.<br \/>\nUne rondeur parfaite pour un plaisir de jeu ultime gr\u00e2ce \u00e0 la technologie ERIMA Hybrid<br \/>\nForte adh\u00e9rence gr\u00e2ce au mat\u00e9riau sup\u00e9rieur PU de haute qualit\u00e9 de 1,2 mm<br \/>\nBallon d'entra\u00eenement durable - convient \u00e0 tous les handballeurs<br \/>\nRetour optimal gr\u00e2ce \u00e0 une vessie en latex souple<br \/>\nTailles ERIMA pour un contr\u00f4le optimal du ballon dans chaque cat\u00e9gorie d'\u00e2ge<br \/>\nConvient pour jouer avec de la r\u00e9sine<\/p>","protected":false},"excerpt":{"rendered":"<p>Couleur : turquoise\/gris<\/p>","protected":false},"featured_media":640873,"template":"","meta":[],"product_brand":[],"product_cat":[11568],"product_tag":[],"class_list":{"0":"post-641362","1":"product","2":"type-product","3":"status-publish","4":"has-post-thumbnail","6":"product_cat-tsv-fortitudo","8":"first","9":"instock","10":"taxable","11":"shipping-taxable","12":"purchasable","13":"product-type-variable","14":"add-to-wishlist-before_image"},"exclude_global_add_ons":[],"addons":[],"acf":[],"_links":{"self":[{"href":"https:\/\/shop.kustom.ch\/fr\/wp-json\/wp\/v2\/product\/641362"}],"collection":[{"href":"https:\/\/shop.kustom.ch\/fr\/wp-json\/wp\/v2\/product"}],"about":[{"href":"https:\/\/shop.kustom.ch\/fr\/wp-json\/wp\/v2\/types\/product"}],"wp:featuredmedia":[{"embeddable":true,"href":"https:\/\/shop.kustom.ch\/fr\/wp-json\/wp\/v2\/media\/640873"}],"wp:attachment":[{"href":"https:\/\/shop.kustom.ch\/fr\/wp-json\/wp\/v2\/media?parent=641362"}],"wp:term":[{"taxonomy":"product_brand","embeddable":true,"href":"https:\/\/shop.kustom.ch\/fr\/wp-json\/wp\/v2\/product_brand?post=641362"},{"taxonomy":"product_cat","embeddable":true,"href":"https:\/\/shop.kustom.ch\/fr\/wp-json\/wp\/v2\/product_cat?post=641362"},{"taxonomy":"product_tag","embeddable":true,"href":"https:\/\/shop.kustom.ch\/fr\/wp-json\/wp\/v2\/product_tag?post=641362"}],"curies":[{"name":"wp","href":"https:\/\/api.w.org\/{rel}","templated":true}]}}