{"id":641361,"date":"2025-03-25T17:11:12","date_gmt":"2025-03-25T16:11:12","guid":{"rendered":"https:\/\/shop.kustom.ch\/?post_type=product&#038;p=641361"},"modified":"2025-03-25T17:12:05","modified_gmt":"2025-03-25T16:12:05","slug":"flash-training","status":"publish","type":"product","link":"https:\/\/shop.kustom.ch\/fr\/produit\/flash-training\/","title":{"rendered":"Formation flash"},"content":{"rendered":"<p>D\u00e9couvre l'adh\u00e9rence parfaite avec notre ballon de handball d'entra\u00eenement - pour des lancers pr\u00e9cis et un contr\u00f4le maximal sur le terrain !<br \/>\nVariante d'entra\u00eenement r\u00e9sistante du nouveau ballon de match ERIMA<br \/>\nTige en PU durable pour une bonne adh\u00e9rence et un toucher doux<br \/>\nMousse de backing sp\u00e9cialement d\u00e9velopp\u00e9e pour un soft touch exceptionnel<br \/>\nVessie en latex pour un rebond optimal<br \/>\nTailles ERIMA pour un contr\u00f4le optimal du ballon dans chaque cat\u00e9gorie d'\u00e2ge<br \/>\nDeux couleurs - il y en a pour tous les go\u00fbts<br \/>\nConvient pour jouer avec de la r\u00e9sine<\/p>","protected":false},"excerpt":{"rendered":"<p>couleur : blanc\/bleu<\/p>","protected":false},"featured_media":640877,"template":"","meta":[],"product_brand":[],"product_cat":[11568],"product_tag":[],"class_list":{"0":"post-641361","1":"product","2":"type-product","3":"status-publish","4":"has-post-thumbnail","6":"product_cat-tsv-fortitudo","8":"first","9":"instock","10":"taxable","11":"shipping-taxable","12":"purchasable","13":"product-type-variable","14":"add-to-wishlist-before_image"},"exclude_global_add_ons":[],"addons":[],"acf":[],"_links":{"self":[{"href":"https:\/\/shop.kustom.ch\/fr\/wp-json\/wp\/v2\/product\/641361"}],"collection":[{"href":"https:\/\/shop.kustom.ch\/fr\/wp-json\/wp\/v2\/product"}],"about":[{"href":"https:\/\/shop.kustom.ch\/fr\/wp-json\/wp\/v2\/types\/product"}],"wp:featuredmedia":[{"embeddable":true,"href":"https:\/\/shop.kustom.ch\/fr\/wp-json\/wp\/v2\/media\/640877"}],"wp:attachment":[{"href":"https:\/\/shop.kustom.ch\/fr\/wp-json\/wp\/v2\/media?parent=641361"}],"wp:term":[{"taxonomy":"product_brand","embeddable":true,"href":"https:\/\/shop.kustom.ch\/fr\/wp-json\/wp\/v2\/product_brand?post=641361"},{"taxonomy":"product_cat","embeddable":true,"href":"https:\/\/shop.kustom.ch\/fr\/wp-json\/wp\/v2\/product_cat?post=641361"},{"taxonomy":"product_tag","embeddable":true,"href":"https:\/\/shop.kustom.ch\/fr\/wp-json\/wp\/v2\/product_tag?post=641361"}],"curies":[{"name":"wp","href":"https:\/\/api.w.org\/{rel}","templated":true}]}}