{"id":641360,"date":"2025-03-25T17:11:12","date_gmt":"2025-03-25T16:11:12","guid":{"rendered":"https:\/\/shop.kustom.ch\/?post_type=product&#038;p=641360"},"modified":"2025-03-25T17:12:02","modified_gmt":"2025-03-25T16:12:02","slug":"flash-pro","status":"publish","type":"product","link":"https:\/\/shop.kustom.ch\/fr\/produit\/flash-pro\/","title":{"rendered":"Flash Pro"},"content":{"rendered":"<p>Le ballon d'entra\u00eenement professionnel avec une bonne conscience<br \/>\nFabriqu\u00e9 \u00e0 partir de mat\u00e9riaux recycl\u00e9s et durables<br \/>\nDessus en PU de 1,5 mm avec backing en polyester recycl\u00e9<br \/>\nBallon d'entra\u00eenement r\u00e9sistant et durable<br \/>\nVessie en latex pour un rebond optimal<br \/>\nTailles ERIMA pour un contr\u00f4le optimal du ballon dans chaque cat\u00e9gorie d'\u00e2ge<br \/>\nConvient pour jouer avec de la r\u00e9sine<\/p>","protected":false},"excerpt":{"rendered":"<p>couleur : bleu\/citron vert<\/p>","protected":false},"featured_media":640870,"template":"","meta":[],"product_brand":[],"product_cat":[11568],"product_tag":[],"class_list":{"0":"post-641360","1":"product","2":"type-product","3":"status-publish","4":"has-post-thumbnail","6":"product_cat-tsv-fortitudo","8":"first","9":"instock","10":"taxable","11":"shipping-taxable","12":"purchasable","13":"product-type-variable","14":"add-to-wishlist-before_image"},"exclude_global_add_ons":[],"addons":[],"acf":[],"_links":{"self":[{"href":"https:\/\/shop.kustom.ch\/fr\/wp-json\/wp\/v2\/product\/641360"}],"collection":[{"href":"https:\/\/shop.kustom.ch\/fr\/wp-json\/wp\/v2\/product"}],"about":[{"href":"https:\/\/shop.kustom.ch\/fr\/wp-json\/wp\/v2\/types\/product"}],"wp:featuredmedia":[{"embeddable":true,"href":"https:\/\/shop.kustom.ch\/fr\/wp-json\/wp\/v2\/media\/640870"}],"wp:attachment":[{"href":"https:\/\/shop.kustom.ch\/fr\/wp-json\/wp\/v2\/media?parent=641360"}],"wp:term":[{"taxonomy":"product_brand","embeddable":true,"href":"https:\/\/shop.kustom.ch\/fr\/wp-json\/wp\/v2\/product_brand?post=641360"},{"taxonomy":"product_cat","embeddable":true,"href":"https:\/\/shop.kustom.ch\/fr\/wp-json\/wp\/v2\/product_cat?post=641360"},{"taxonomy":"product_tag","embeddable":true,"href":"https:\/\/shop.kustom.ch\/fr\/wp-json\/wp\/v2\/product_tag?post=641360"}],"curies":[{"name":"wp","href":"https:\/\/api.w.org\/{rel}","templated":true}]}}