{"id":641357,"date":"2025-03-25T17:11:12","date_gmt":"2025-03-25T16:11:12","guid":{"rendered":"https:\/\/shop.kustom.ch\/?post_type=product&#038;p=641357"},"modified":"2025-05-27T18:36:35","modified_gmt":"2025-05-27T17:36:35","slug":"six-wings-sporttasche-6","status":"publish","type":"product","link":"https:\/\/shop.kustom.ch\/fr\/produit\/six-wings-sporttasche-6\/","title":{"rendered":"Sac de sport Six Wings"},"content":{"rendered":"<p>100% Polyester 600D<br \/>\nUne conception optimale pour un espace de rangement maximal<br \/>\nPoches lat\u00e9rales avec poche humide int\u00e9gr\u00e9e et a\u00e9ration<br \/>\nSangles de transport sp\u00e9cialement fix\u00e9es pour une plus grande durabilit\u00e9<br \/>\nBandouli\u00e8re r\u00e9glable<br \/>\nPossibilit\u00e9s de finition optimales<br \/>\nTaille S : (L x l x H) 49x23x25 cm | env. 28 litres<br \/>\nTaille M : (L x l x H) 61x29x28 cm | env. 49,5 litres<\/p>","protected":false},"excerpt":{"rendered":"<p>couleur : gris ardoise\/noir<\/p>","protected":false},"featured_media":640864,"template":"","meta":[],"product_brand":[],"product_cat":[11568],"product_tag":[],"class_list":{"0":"post-641357","1":"product","2":"type-product","3":"status-publish","4":"has-post-thumbnail","6":"product_cat-tsv-fortitudo","8":"first","9":"instock","10":"taxable","11":"shipping-taxable","12":"purchasable","13":"product-type-variable","14":"add-to-wishlist-before_image"},"exclude_global_add_ons":false,"addons":[{"name":"En option : num\u00e9ro\/initiale 5cm","type":"custom_text","position":0,"required":false,"title_format":"label","default":"","description_enable":false,"description":"","placeholder_enable":false,"placeholder":"","display":"select","restrictions_type":"any_text","adjust_price":true,"price":"7","price_type":"flat_fee","restrictions":false,"min":"0","max":"0","options":[],"id":1742931412}],"acf":[],"_links":{"self":[{"href":"https:\/\/shop.kustom.ch\/fr\/wp-json\/wp\/v2\/product\/641357"}],"collection":[{"href":"https:\/\/shop.kustom.ch\/fr\/wp-json\/wp\/v2\/product"}],"about":[{"href":"https:\/\/shop.kustom.ch\/fr\/wp-json\/wp\/v2\/types\/product"}],"wp:featuredmedia":[{"embeddable":true,"href":"https:\/\/shop.kustom.ch\/fr\/wp-json\/wp\/v2\/media\/640864"}],"wp:attachment":[{"href":"https:\/\/shop.kustom.ch\/fr\/wp-json\/wp\/v2\/media?parent=641357"}],"wp:term":[{"taxonomy":"product_brand","embeddable":true,"href":"https:\/\/shop.kustom.ch\/fr\/wp-json\/wp\/v2\/product_brand?post=641357"},{"taxonomy":"product_cat","embeddable":true,"href":"https:\/\/shop.kustom.ch\/fr\/wp-json\/wp\/v2\/product_cat?post=641357"},{"taxonomy":"product_tag","embeddable":true,"href":"https:\/\/shop.kustom.ch\/fr\/wp-json\/wp\/v2\/product_tag?post=641357"}],"curies":[{"name":"wp","href":"https:\/\/api.w.org\/{rel}","templated":true}]}}