{"id":641320,"date":"2025-03-25T17:10:36","date_gmt":"2025-03-25T16:10:36","guid":{"rendered":"https:\/\/shop.kustom.ch\/?post_type=product&#038;p=641320"},"modified":"2025-05-27T18:36:43","modified_gmt":"2025-05-27T17:36:43","slug":"six-wings-rucksack-5","status":"publish","type":"product","link":"https:\/\/shop.kustom.ch\/fr\/produit\/six-wings-rucksack-5\/","title":{"rendered":"Sac \u00e0 dos Six Wings"},"content":{"rendered":"<p>100% Polyester 600D<br \/>\nCompartiment principal spacieux avec double fermeture \u00e0 glissi\u00e8re<br \/>\nPoches lat\u00e9rales en mesh<br \/>\nCordon \u00e9lastique r\u00e9glable individuellement \u00e0 l'avant<br \/>\nBretelles rembourr\u00e9es<br \/>\nPoche \u00e0 balles amovible en mesh<br \/>\nCompartiment au sol pour ranger les chaussures s\u00e9par\u00e9ment<br \/>\n(L x l x h) 30x18x45 cm | env. 25 litres<\/p>","protected":false},"excerpt":{"rendered":"<p>couleur : gris ardoise\/noir<\/p>","protected":false},"featured_media":640882,"template":"","meta":[],"product_brand":[],"product_cat":[11568],"product_tag":[],"class_list":{"0":"post-641320","1":"product","2":"type-product","3":"status-publish","4":"has-post-thumbnail","6":"product_cat-tsv-fortitudo","8":"first","9":"instock","10":"taxable","11":"shipping-taxable","12":"purchasable","13":"product-type-variable","14":"add-to-wishlist-before_image"},"exclude_global_add_ons":false,"addons":[{"name":"En option : num\u00e9ro\/initiale 5cm","type":"custom_text","position":0,"required":false,"title_format":"label","default":"","description_enable":false,"description":"","placeholder_enable":false,"placeholder":"","display":"select","restrictions_type":"any_text","adjust_price":true,"price":"7","price_type":"flat_fee","restrictions":false,"min":"0","max":"0","options":[],"id":1742931399}],"acf":[],"_links":{"self":[{"href":"https:\/\/shop.kustom.ch\/fr\/wp-json\/wp\/v2\/product\/641320"}],"collection":[{"href":"https:\/\/shop.kustom.ch\/fr\/wp-json\/wp\/v2\/product"}],"about":[{"href":"https:\/\/shop.kustom.ch\/fr\/wp-json\/wp\/v2\/types\/product"}],"wp:featuredmedia":[{"embeddable":true,"href":"https:\/\/shop.kustom.ch\/fr\/wp-json\/wp\/v2\/media\/640882"}],"wp:attachment":[{"href":"https:\/\/shop.kustom.ch\/fr\/wp-json\/wp\/v2\/media?parent=641320"}],"wp:term":[{"taxonomy":"product_brand","embeddable":true,"href":"https:\/\/shop.kustom.ch\/fr\/wp-json\/wp\/v2\/product_brand?post=641320"},{"taxonomy":"product_cat","embeddable":true,"href":"https:\/\/shop.kustom.ch\/fr\/wp-json\/wp\/v2\/product_cat?post=641320"},{"taxonomy":"product_tag","embeddable":true,"href":"https:\/\/shop.kustom.ch\/fr\/wp-json\/wp\/v2\/product_tag?post=641320"}],"curies":[{"name":"wp","href":"https:\/\/api.w.org\/{rel}","templated":true}]}}