{"id":641319,"date":"2025-03-25T17:10:36","date_gmt":"2025-03-25T16:10:36","guid":{"rendered":"https:\/\/shop.kustom.ch\/?post_type=product&#038;p=641319"},"modified":"2025-03-25T17:19:55","modified_gmt":"2025-03-25T16:19:55","slug":"elemental-tight-kurz-herren-kinder-weiss","status":"publish","type":"product","link":"https:\/\/shop.kustom.ch\/fr\/produit\/elemental-tight-kurz-herren-kinder-weiss\/","title":{"rendered":"Elemental Tight Court Hommes \/ Enfants Blanc"},"content":{"rendered":"<p>82% polyester, 18% \u00e9lasthanne<br \/>\nR\u00e9gulation optimale de l'humidit\u00e9. Libert\u00e9 de mouvement illimit\u00e9e.<br \/>\nTr\u00e8s r\u00e9sistant<br \/>\nInserts en mesh sur les c\u00f4t\u00e9s pour une excellente temp\u00e9rature corporelle<br \/>\nLarge ceinture \u00e9lastique<br \/>\nMat\u00e9riau fonctionnel hautement \u00e9lastique<\/p>","protected":false},"excerpt":{"rendered":"<p>couleur : blanc<\/p>","protected":false},"featured_media":640866,"template":"","meta":[],"product_brand":[],"product_cat":[11568],"product_tag":[],"class_list":{"0":"post-641319","1":"product","2":"type-product","3":"status-publish","4":"has-post-thumbnail","6":"product_cat-tsv-fortitudo","8":"first","9":"instock","10":"taxable","11":"shipping-taxable","12":"purchasable","13":"product-type-variable","14":"add-to-wishlist-before_image"},"exclude_global_add_ons":[],"addons":[],"acf":[],"_links":{"self":[{"href":"https:\/\/shop.kustom.ch\/fr\/wp-json\/wp\/v2\/product\/641319"}],"collection":[{"href":"https:\/\/shop.kustom.ch\/fr\/wp-json\/wp\/v2\/product"}],"about":[{"href":"https:\/\/shop.kustom.ch\/fr\/wp-json\/wp\/v2\/types\/product"}],"wp:featuredmedia":[{"embeddable":true,"href":"https:\/\/shop.kustom.ch\/fr\/wp-json\/wp\/v2\/media\/640866"}],"wp:attachment":[{"href":"https:\/\/shop.kustom.ch\/fr\/wp-json\/wp\/v2\/media?parent=641319"}],"wp:term":[{"taxonomy":"product_brand","embeddable":true,"href":"https:\/\/shop.kustom.ch\/fr\/wp-json\/wp\/v2\/product_brand?post=641319"},{"taxonomy":"product_cat","embeddable":true,"href":"https:\/\/shop.kustom.ch\/fr\/wp-json\/wp\/v2\/product_cat?post=641319"},{"taxonomy":"product_tag","embeddable":true,"href":"https:\/\/shop.kustom.ch\/fr\/wp-json\/wp\/v2\/product_tag?post=641319"}],"curies":[{"name":"wp","href":"https:\/\/api.w.org\/{rel}","templated":true}]}}