{"id":641317,"date":"2025-03-25T17:10:36","date_gmt":"2025-03-25T16:10:36","guid":{"rendered":"https:\/\/shop.kustom.ch\/?post_type=product&#038;p=641317"},"modified":"2025-05-26T18:29:32","modified_gmt":"2025-05-26T17:29:32","slug":"athletic-t-shirt-herren-kinder-weiss","status":"publish","type":"product","link":"https:\/\/shop.kustom.ch\/fr\/produit\/athletic-t-shirt-herren-kinder-weiss\/","title":{"rendered":"Athletic T-Shirt homme\/enfant blanc"},"content":{"rendered":"<p>100% Polyamide<br \/>\nHautement fonctionnel et l\u00e9ger comme une plume - comme une seconde peau.<br \/>\nMat\u00e9riau fonctionnel \u00e0 s\u00e9chage rapide<br \/>\nEffet anti-odeur<br \/>\n\u00c9l\u00e9ments de design tricot\u00e9s pour un excellent climat corporel<br \/>\nSans couture pour un meilleur confort<\/p>","protected":false},"excerpt":{"rendered":"<p>Couleur : new white<\/p>","protected":false},"featured_media":640874,"template":"","meta":[],"product_brand":[],"product_cat":[11568],"product_tag":[],"class_list":{"0":"post-641317","1":"product","2":"type-product","3":"status-publish","4":"has-post-thumbnail","6":"product_cat-tsv-fortitudo","8":"first","9":"instock","10":"taxable","11":"shipping-taxable","12":"purchasable","13":"product-type-variable","14":"add-to-wishlist-before_image"},"exclude_global_add_ons":false,"addons":[{"name":"En option : num\u00e9ro\/initiale 5cm","type":"custom_text","position":0,"required":false,"title_format":"label","default":"","description_enable":false,"description":"","placeholder_enable":false,"placeholder":"","display":"select","restrictions_type":"any_text","adjust_price":true,"price":"7","price_type":"flat_fee","restrictions":false,"min":"0","max":"0","options":[],"id":1742931388}],"acf":[],"_links":{"self":[{"href":"https:\/\/shop.kustom.ch\/fr\/wp-json\/wp\/v2\/product\/641317"}],"collection":[{"href":"https:\/\/shop.kustom.ch\/fr\/wp-json\/wp\/v2\/product"}],"about":[{"href":"https:\/\/shop.kustom.ch\/fr\/wp-json\/wp\/v2\/types\/product"}],"wp:featuredmedia":[{"embeddable":true,"href":"https:\/\/shop.kustom.ch\/fr\/wp-json\/wp\/v2\/media\/640874"}],"wp:attachment":[{"href":"https:\/\/shop.kustom.ch\/fr\/wp-json\/wp\/v2\/media?parent=641317"}],"wp:term":[{"taxonomy":"product_brand","embeddable":true,"href":"https:\/\/shop.kustom.ch\/fr\/wp-json\/wp\/v2\/product_brand?post=641317"},{"taxonomy":"product_cat","embeddable":true,"href":"https:\/\/shop.kustom.ch\/fr\/wp-json\/wp\/v2\/product_cat?post=641317"},{"taxonomy":"product_tag","embeddable":true,"href":"https:\/\/shop.kustom.ch\/fr\/wp-json\/wp\/v2\/product_tag?post=641317"}],"curies":[{"name":"wp","href":"https:\/\/api.w.org\/{rel}","templated":true}]}}