{"id":641232,"date":"2025-03-25T17:09:27","date_gmt":"2025-03-25T16:09:27","guid":{"rendered":"https:\/\/shop.kustom.ch\/?post_type=product&#038;p=641232"},"modified":"2025-03-25T19:35:08","modified_gmt":"2025-03-25T18:35:08","slug":"essential-sweathose-herren-kinder","status":"publish","type":"product","link":"https:\/\/shop.kustom.ch\/fr\/produit\/essential-sweathose-herren-kinder\/","title":{"rendered":"Pantalon de sweat Essential hommes \/ enfants"},"content":{"rendered":"<p>60% coton, 40% polyester<br \/>\nLe bon pantalon de jogging pour tous les jours.<br \/>\nAgr\u00e9able et doux \u00e0 porter gr\u00e2ce \u00e0 sa teneur \u00e9lev\u00e9e en coton<br \/>\nTaille \u00e9lastique avec cordon de serrage<br \/>\nPoignets flexibles au bas des jambes<br \/>\nPoches zipp\u00e9es et logo en couleur contrast\u00e9e<br \/>\nCoupe tendance et fusel\u00e9e<\/p>","protected":false},"excerpt":{"rendered":"<p>couleur : gris clair m\u00e9lang\u00e9\/noir<\/p>","protected":false},"featured_media":640876,"template":"","meta":[],"product_brand":[],"product_cat":[11568],"product_tag":[],"class_list":{"0":"post-641232","1":"product","2":"type-product","3":"status-publish","4":"has-post-thumbnail","6":"product_cat-tsv-fortitudo","8":"first","9":"instock","10":"taxable","11":"shipping-taxable","12":"purchasable","13":"product-type-variable","14":"add-to-wishlist-before_image"},"exclude_global_add_ons":false,"addons":[{"name":"En option : num\u00e9ro\/initiale 5cm","type":"custom_text","position":0,"required":false,"title_format":"label","default":"","description_enable":false,"description":"","placeholder_enable":false,"placeholder":"","display":"select","restrictions_type":"any_text","adjust_price":true,"price":"7","price_type":"flat_fee","restrictions":false,"min":"0","max":"0","options":[],"id":1742931306}],"acf":[],"_links":{"self":[{"href":"https:\/\/shop.kustom.ch\/fr\/wp-json\/wp\/v2\/product\/641232"}],"collection":[{"href":"https:\/\/shop.kustom.ch\/fr\/wp-json\/wp\/v2\/product"}],"about":[{"href":"https:\/\/shop.kustom.ch\/fr\/wp-json\/wp\/v2\/types\/product"}],"wp:featuredmedia":[{"embeddable":true,"href":"https:\/\/shop.kustom.ch\/fr\/wp-json\/wp\/v2\/media\/640876"}],"wp:attachment":[{"href":"https:\/\/shop.kustom.ch\/fr\/wp-json\/wp\/v2\/media?parent=641232"}],"wp:term":[{"taxonomy":"product_brand","embeddable":true,"href":"https:\/\/shop.kustom.ch\/fr\/wp-json\/wp\/v2\/product_brand?post=641232"},{"taxonomy":"product_cat","embeddable":true,"href":"https:\/\/shop.kustom.ch\/fr\/wp-json\/wp\/v2\/product_cat?post=641232"},{"taxonomy":"product_tag","embeddable":true,"href":"https:\/\/shop.kustom.ch\/fr\/wp-json\/wp\/v2\/product_tag?post=641232"}],"curies":[{"name":"wp","href":"https:\/\/api.w.org\/{rel}","templated":true}]}}