{"id":641231,"date":"2025-03-25T17:09:27","date_gmt":"2025-03-25T16:09:27","guid":{"rendered":"https:\/\/shop.kustom.ch\/?post_type=product&#038;p=641231"},"modified":"2025-05-26T18:28:33","modified_gmt":"2025-05-26T17:28:33","slug":"teamsport-poloshirt-damen","status":"publish","type":"product","link":"https:\/\/shop.kustom.ch\/fr\/produit\/teamsport-poloshirt-damen\/","title":{"rendered":"Teamsport Polo femme"},"content":{"rendered":"<p>95% coton, 5% \u00e9lasthanne<br \/>\nPolo classique en coton pour toutes les occasions.<br \/>\nPolo de haute qualit\u00e9 avec col c\u00f4tel\u00e9<br \/>\npoids env. 210 g\/m<br \/>\nPoignets \u00e0 la mode<br \/>\nConfortable et doux pour la peau<\/p>","protected":false},"excerpt":{"rendered":"<p>couleur : noir<\/p>","protected":false},"featured_media":640854,"template":"","meta":[],"product_brand":[],"product_cat":[11568],"product_tag":[],"class_list":{"0":"post-641231","1":"product","2":"type-product","3":"status-publish","4":"has-post-thumbnail","6":"product_cat-tsv-fortitudo","8":"first","9":"instock","10":"taxable","11":"shipping-taxable","12":"purchasable","13":"product-type-variable","14":"add-to-wishlist-before_image"},"exclude_global_add_ons":false,"addons":[{"name":"En option : num\u00e9ro\/initiale 5cm","type":"custom_text","position":0,"required":false,"title_format":"label","default":"","description_enable":false,"description":"","placeholder_enable":false,"placeholder":"","display":"select","restrictions_type":"any_text","adjust_price":true,"price":"7","price_type":"flat_fee","restrictions":false,"min":"0","max":"0","options":[],"id":1742931295}],"acf":[],"_links":{"self":[{"href":"https:\/\/shop.kustom.ch\/fr\/wp-json\/wp\/v2\/product\/641231"}],"collection":[{"href":"https:\/\/shop.kustom.ch\/fr\/wp-json\/wp\/v2\/product"}],"about":[{"href":"https:\/\/shop.kustom.ch\/fr\/wp-json\/wp\/v2\/types\/product"}],"wp:featuredmedia":[{"embeddable":true,"href":"https:\/\/shop.kustom.ch\/fr\/wp-json\/wp\/v2\/media\/640854"}],"wp:attachment":[{"href":"https:\/\/shop.kustom.ch\/fr\/wp-json\/wp\/v2\/media?parent=641231"}],"wp:term":[{"taxonomy":"product_brand","embeddable":true,"href":"https:\/\/shop.kustom.ch\/fr\/wp-json\/wp\/v2\/product_brand?post=641231"},{"taxonomy":"product_cat","embeddable":true,"href":"https:\/\/shop.kustom.ch\/fr\/wp-json\/wp\/v2\/product_cat?post=641231"},{"taxonomy":"product_tag","embeddable":true,"href":"https:\/\/shop.kustom.ch\/fr\/wp-json\/wp\/v2\/product_tag?post=641231"}],"curies":[{"name":"wp","href":"https:\/\/api.w.org\/{rel}","templated":true}]}}