{"id":641146,"date":"2025-03-25T17:08:17","date_gmt":"2025-03-25T16:08:17","guid":{"rendered":"https:\/\/shop.kustom.ch\/?post_type=product&#038;p=641146"},"modified":"2025-05-26T18:27:21","modified_gmt":"2025-05-26T17:27:21","slug":"sweatshirt-unisex-kinder","status":"publish","type":"product","link":"https:\/\/shop.kustom.ch\/fr\/produit\/sweatshirt-unisex-kinder\/","title":{"rendered":"Sweat-shirt unisexe \/ enfant"},"content":{"rendered":"<p>60% coton, 40% polyester<br \/>\nM\u00e9lange de coton au toucher doux<br \/>\nint\u00e9rieur moelleux et gratt\u00e9<br \/>\ncoupe unisexe d\u00e9contract\u00e9e pour femmes et hommes , les femmes choisissent une taille en dessous s'il vous pla\u00eet<br \/>\npoignets et ourlet c\u00f4tel\u00e9s<br \/>\nlogo ton sur ton brod\u00e9 sur l'\u00e9paule<br \/>\ncol rond c\u00f4tel\u00e9<br \/>\nEmpi\u00e8cements c\u00f4tel\u00e9s sur les c\u00f4t\u00e9s<\/p>","protected":false},"excerpt":{"rendered":"<p>couleur : noir<\/p>","protected":false},"featured_media":640865,"template":"","meta":[],"product_brand":[],"product_cat":[11568],"product_tag":[],"class_list":{"0":"post-641146","1":"product","2":"type-product","3":"status-publish","4":"has-post-thumbnail","6":"product_cat-tsv-fortitudo","8":"first","9":"instock","10":"taxable","11":"shipping-taxable","12":"purchasable","13":"product-type-variable","14":"add-to-wishlist-before_image"},"exclude_global_add_ons":false,"addons":[{"name":"En option : num\u00e9ro\/initiale 5cm","type":"custom_text","position":0,"required":false,"title_format":"label","default":"","description_enable":false,"description":"","placeholder_enable":false,"placeholder":"","display":"select","restrictions_type":"any_text","adjust_price":true,"price":"7","price_type":"flat_fee","restrictions":false,"min":"0","max":"0","options":[],"id":1742931240}],"acf":[],"_links":{"self":[{"href":"https:\/\/shop.kustom.ch\/fr\/wp-json\/wp\/v2\/product\/641146"}],"collection":[{"href":"https:\/\/shop.kustom.ch\/fr\/wp-json\/wp\/v2\/product"}],"about":[{"href":"https:\/\/shop.kustom.ch\/fr\/wp-json\/wp\/v2\/types\/product"}],"wp:featuredmedia":[{"embeddable":true,"href":"https:\/\/shop.kustom.ch\/fr\/wp-json\/wp\/v2\/media\/640865"}],"wp:attachment":[{"href":"https:\/\/shop.kustom.ch\/fr\/wp-json\/wp\/v2\/media?parent=641146"}],"wp:term":[{"taxonomy":"product_brand","embeddable":true,"href":"https:\/\/shop.kustom.ch\/fr\/wp-json\/wp\/v2\/product_brand?post=641146"},{"taxonomy":"product_cat","embeddable":true,"href":"https:\/\/shop.kustom.ch\/fr\/wp-json\/wp\/v2\/product_cat?post=641146"},{"taxonomy":"product_tag","embeddable":true,"href":"https:\/\/shop.kustom.ch\/fr\/wp-json\/wp\/v2\/product_tag?post=641146"}],"curies":[{"name":"wp","href":"https:\/\/api.w.org\/{rel}","templated":true}]}}