{"id":640497,"date":"2025-03-22T04:09:55","date_gmt":"2025-03-22T03:09:55","guid":{"rendered":"https:\/\/shop.kustom.ch\/?post_type=product&#038;p=640497"},"modified":"2026-03-27T15:59:27","modified_gmt":"2026-03-27T14:59:27","slug":"ultra-trail-2-w","status":"publish","type":"product","link":"https:\/\/shop.kustom.ch\/fr\/produit\/ultra-trail-2-w\/","title":{"rendered":"Ultra Trail 2 W"},"content":{"rendered":"<p>L'Ultra Trail 2 est une chaussure de speed-hiking de premier ordre avec une excellente adh\u00e9rence qui convainc sur diff\u00e9rentes surfaces de terrain.<\/p>\n<p>Cette chaussure de trail techniquement avanc\u00e9e combine une semelle interm\u00e9diaire Ud-Foam\u2122 sp\u00e9cialement con\u00e7ue et une semelle int\u00e9rieure souple Ultra Rebound\u2122 pour un retour d'\u00e9nergie et un confort maximum. Elle est \u00e9galement dot\u00e9e d'une semelle d'usure Vibram Megagrip \u00e0 traction, qui \u00e9tablit un nouveau standard en termes d'adh\u00e9rence et de polyvalence sur les terrains les plus difficiles. De plus, la tige en nylon est extr\u00eamement r\u00e9sistante tout en \u00e9tant l\u00e9g\u00e8re et flexible, et la couche de TPU sans coutures prot\u00e8ge vos pieds des \u00e9l\u00e9ments du trail, sans que la vitesse et les sensations n'en p\u00e2tissent. L'Ultra Trail 2 est le kit complet pour affronter les \u00e9l\u00e9ments.<\/p>\n<p>Ud Foam\u2122<br \/>\nUd Foam\u2122 est une mousse de semelle interm\u00e9diaire l\u00e9g\u00e8re et durable qui assure une propulsion r\u00e9guli\u00e8re lors de la pratique du speed hiking sur de longues distances. Cette mousse \u00e0 base d'EVA dispose d'un compos\u00e9 chimique unique pour am\u00e9liorer la r\u00e9silience et la durabilit\u00e9. Rapidit\u00e9, l\u00e9g\u00e8ret\u00e9 et durabilit\u00e9 sont les principales caract\u00e9ristiques de cette mousse de semelle interm\u00e9diaire de haute qualit\u00e9.<\/p>\n<p>Semelle ext\u00e9rieure Vibram Megagrip<br \/>\nVibram Megagrip est un compos\u00e9 de caoutchouc haute performance extr\u00eamement durable qui offre une excellente adh\u00e9rence sur les surfaces s\u00e8ches et humides. Cette semelle ext\u00e9rieure de traction innovante \u00e9tablit un nouveau standard en termes de vitesse et de polyvalence sur les terrains les plus difficiles.<\/p>\n<p>- Tige monobloc en maille technique compos\u00e9e de 80 % de mat\u00e9riaux recycl\u00e9s<br \/>\n- Semelle interm\u00e9diaire Ud-Foam\u2122 : l\u00e9g\u00e8re, restitution d'\u00e9nergie ultra-\u00e9lev\u00e9e, ultra-durable<br \/>\n- Semelle int\u00e9rieure Ultra Rebound\u2122 pour un retour d'\u00e9nergie maximal au pied<br \/>\n- Semelle ext\u00e9rieure Vibram Megagrip \u00e0 traction<br \/>\n- Lacets en mat\u00e9riau 100 % recycl\u00e9<br \/>\n- Mousse de la semelle int\u00e9rieure en 30 % de mat\u00e9riau recycl\u00e9<br \/>\n- Coupe relativement \u00e9troite<br \/>\n- Poids : 290 g en taille UK5<br \/>\n- Talon 39 mm, avant-pied 29 mm, semelle int\u00e9rieure incluse<br \/>\n- Lamage : 10 mm<\/p>\n<p>Mat\u00e9riaux : Dessus 59% polyester, 37% ur\u00e9thanes thermoplastiques, 3% spandex, 1% nylon, rembourrage 100% polyester, doublure 100% polyester, semelle 75% polyester recycl\u00e9, 25% polyester, semelle 100% polyester, lacets 100% polyester, semelle interm\u00e9diaire 100% mousse EVA, semelle ext\u00e9rieure 100% caoutchouc<\/p>","protected":false},"excerpt":{"rendered":"<p>Der Ultra Trail 2 ist ein erstklassiger Speed-Hiking-Schuh mit hervorragendem Grip, der auf unterschiedlichen Gel\u00e4ndeoberfl\u00e4chen \u00fcberzeugt. Dieser technisch fortschrittliche Trailschuh kombiniert eine speziell entwickelte Ud-Foam\u2122-Zwischensohle mit einer weichen Ultra Rebound\u2122-Einlegesohle f\u00fcr maximale Energier\u00fcckgabe und Komfort. Es verf\u00fcgt ausserdem \u00fcber eine Vibram-Megagrip-Traktionslaufsohle, die einen neuen Standard in puncto Griffigkeit und Vielseitigkeit auf dem h\u00e4rtesten Gel\u00e4nde setzt. [&hellip;]<\/p>\n","protected":false},"featured_media":706524,"template":"","meta":[],"product_brand":[],"product_cat":[4197],"product_tag":[],"class_list":{"0":"post-640497","1":"product","2":"type-product","3":"status-publish","4":"has-post-thumbnail","6":"product_cat-schuhe-sandalen","7":"pa_brand-craft","8":"pa_brand-type-sportswear","9":"pa_filter-color-gruen","11":"first","12":"instock","13":"sale","14":"taxable","15":"shipping-taxable","16":"purchasable","17":"product-type-variable","18":"add-to-wishlist-before_image"},"exclude_global_add_ons":[],"addons":[],"acf":[],"_links":{"self":[{"href":"https:\/\/shop.kustom.ch\/fr\/wp-json\/wp\/v2\/product\/640497"}],"collection":[{"href":"https:\/\/shop.kustom.ch\/fr\/wp-json\/wp\/v2\/product"}],"about":[{"href":"https:\/\/shop.kustom.ch\/fr\/wp-json\/wp\/v2\/types\/product"}],"wp:featuredmedia":[{"embeddable":true,"href":"https:\/\/shop.kustom.ch\/fr\/wp-json\/wp\/v2\/media\/706524"}],"wp:attachment":[{"href":"https:\/\/shop.kustom.ch\/fr\/wp-json\/wp\/v2\/media?parent=640497"}],"wp:term":[{"taxonomy":"product_brand","embeddable":true,"href":"https:\/\/shop.kustom.ch\/fr\/wp-json\/wp\/v2\/product_brand?post=640497"},{"taxonomy":"product_cat","embeddable":true,"href":"https:\/\/shop.kustom.ch\/fr\/wp-json\/wp\/v2\/product_cat?post=640497"},{"taxonomy":"product_tag","embeddable":true,"href":"https:\/\/shop.kustom.ch\/fr\/wp-json\/wp\/v2\/product_tag?post=640497"}],"curies":[{"name":"wp","href":"https:\/\/api.w.org\/{rel}","templated":true}]}}