{"id":640460,"date":"2025-03-22T04:09:13","date_gmt":"2025-03-22T03:09:13","guid":{"rendered":"https:\/\/shop.kustom.ch\/?post_type=product&#038;p=640460"},"modified":"2026-03-27T14:01:50","modified_gmt":"2026-03-27T13:01:50","slug":"squad-go-pant-m","status":"publish","type":"product","link":"https:\/\/shop.kustom.ch\/fr\/produit\/squad-go-pant-m\/","title":{"rendered":"Pantalon Squad Go M"},"content":{"rendered":"<p>Les Squad Go Pants sont des pantalons d'entra\u00eenement fonctionnels et r\u00e9sistants qui s'int\u00e8grent parfaitement dans la garde-robe de chaque \u00e9quipe.<\/p>\n<p>Ces pantalons de teamwear polyvalents et durables sont fabriqu\u00e9s en tissu polyester r\u00e9sistant et recycl\u00e9 et garantissent une excellente \u00e9vacuation de l'humidit\u00e9 lors des s\u00e9ances d'entra\u00eenement intensives. Une coupe athl\u00e9tique assure la libert\u00e9 de mouvement, tandis qu'une taille \u00e9lastique avec cordon de serrage permet un ajustement personnalis\u00e9. De plus, le pantalon de surv\u00eatement dispose de deux poches lat\u00e9rales et d'un design clair, offrant suffisamment de place pour les logos du club et des sponsors.<\/p>\n<p>- Tissu r\u00e9sistant en polyester recycl\u00e9<br \/>\n- Ceinture \u00e9lastique avec cordon de serrage<br \/>\n- Deux poches lat\u00e9rales<br \/>\n- Un design clair<br \/>\n- Coupe normale<\/p>\n<p>Mati\u00e8re : 100% polyester recycl\u00e9<\/p>","protected":false},"excerpt":{"rendered":"<p>Die Squad Go Pants sind funktionelle und strapazierf\u00e4hige Trainingshosen, die perfekt in die Garderobe eines jeden Teams passen. Diese vielseitigen und langlebigen Teamwear-Hosen sind aus strapazierf\u00e4higem und recyceltem Polyestergewebe gefertigt und gew\u00e4hrleisten bei intensiven Trainingseinheiten einen hervorragenden Feuchtigkeitstransport. Eine athletische Passform sorgt f\u00fcr Bewegungsfreiheit, w\u00e4hrend ein elastischer Bund mit Kordelzug eine individuelle Passform erm\u00f6glicht. Dar\u00fcber [&hellip;]<\/p>\n","protected":false},"featured_media":482100,"template":"","meta":[],"product_brand":[],"product_cat":[4185],"product_tag":[],"class_list":{"0":"post-640460","1":"product","2":"type-product","3":"status-publish","4":"has-post-thumbnail","6":"product_cat-hosen","7":"pa_brand-craft-teamwear","8":"pa_brand-type-sportswear","9":"pa_filter-color-blau","10":"pa_filter-color-schwarz","12":"first","13":"instock","14":"sale","15":"taxable","16":"shipping-taxable","17":"purchasable","18":"product-type-variable","19":"add-to-wishlist-before_image"},"exclude_global_add_ons":[],"addons":[],"acf":[],"_links":{"self":[{"href":"https:\/\/shop.kustom.ch\/fr\/wp-json\/wp\/v2\/product\/640460"}],"collection":[{"href":"https:\/\/shop.kustom.ch\/fr\/wp-json\/wp\/v2\/product"}],"about":[{"href":"https:\/\/shop.kustom.ch\/fr\/wp-json\/wp\/v2\/types\/product"}],"wp:featuredmedia":[{"embeddable":true,"href":"https:\/\/shop.kustom.ch\/fr\/wp-json\/wp\/v2\/media\/482100"}],"wp:attachment":[{"href":"https:\/\/shop.kustom.ch\/fr\/wp-json\/wp\/v2\/media?parent=640460"}],"wp:term":[{"taxonomy":"product_brand","embeddable":true,"href":"https:\/\/shop.kustom.ch\/fr\/wp-json\/wp\/v2\/product_brand?post=640460"},{"taxonomy":"product_cat","embeddable":true,"href":"https:\/\/shop.kustom.ch\/fr\/wp-json\/wp\/v2\/product_cat?post=640460"},{"taxonomy":"product_tag","embeddable":true,"href":"https:\/\/shop.kustom.ch\/fr\/wp-json\/wp\/v2\/product_tag?post=640460"}],"curies":[{"name":"wp","href":"https:\/\/api.w.org\/{rel}","templated":true}]}}