{"id":640232,"date":"2025-03-22T04:07:17","date_gmt":"2025-03-22T03:07:17","guid":{"rendered":"https:\/\/shop.kustom.ch\/?post_type=product&#038;p=640232"},"modified":"2026-03-27T13:47:23","modified_gmt":"2026-03-27T12:47:23","slug":"rush-2-0-zip-tights-w","status":"publish","type":"product","link":"https:\/\/shop.kustom.ch\/fr\/produit\/rush-2-0-zip-tights-w\/","title":{"rendered":"Corsaire zipp\u00e9 Rush 2.0 W"},"content":{"rendered":"<p>Les collants zipp\u00e9s Rush 2.0 sont des collants l\u00e9gers et extensibles avec des fermetures \u00e9clair lat\u00e9rales en bas des jambes pour faciliter l'enfilage et le retrait. Fabriqu\u00e9 \u00e0 partir de polyester recycl\u00e9, ce v\u00eatement fait partie de la nouvelle g\u00e9n\u00e9ration de v\u00eatements de sport \u00e0 l'empreinte \u00e9cologique r\u00e9duite. Parfait pour le branding avec le logo du club, du sponsor ou de l'entreprise.<\/p>\n<p>- Fabriqu\u00e9 \u00e0 partir de polyester recycl\u00e9<br \/>\n- Cordon de serrage \u00e0 l'ourlet pour un ajustement optimal<br \/>\n- Fermeture \u00e0 glissi\u00e8re lat\u00e9rale au bas des jambes<br \/>\n- Un design clair<\/p>\n<p>Mati\u00e8re : 72% polyester recycl\u00e9, 28% \u00e9lasthanne<\/p>","protected":false},"excerpt":{"rendered":"<p>Rush 2.0 Zip Tights sind leichte, dehnbare Strumpfhosen mit seitlichen Reissverschl\u00fcssen unten an den Beinen f\u00fcr einfaches An- und Ausziehen. Dieses aus recyceltem Polyester gefertigte Kleidungsst\u00fcck geh\u00f6rt zur neuen Generation von Sportbekleidung mit einem geringeren \u00f6kologischen Fussabdruck. Perfekt f\u00fcr das Branding mit Vereins-, Sponsoren- oder Firmenlogos. \u2022 Hergestellt aus recyceltem Polyester \u2022 Kordelzug am Saum [&hellip;]<\/p>\n","protected":false},"featured_media":478958,"template":"","meta":[],"product_brand":[],"product_cat":[4190],"product_tag":[],"class_list":{"0":"post-640232","1":"product","2":"type-product","3":"status-publish","4":"has-post-thumbnail","6":"product_cat-leggings","7":"pa_brand-craft-teamwear","8":"pa_brand-type-sportswear","9":"pa_filter-color-schwarz","11":"first","12":"instock","13":"sale","14":"taxable","15":"shipping-taxable","16":"purchasable","17":"product-type-variable","18":"add-to-wishlist-before_image"},"exclude_global_add_ons":[],"addons":[],"acf":[],"_links":{"self":[{"href":"https:\/\/shop.kustom.ch\/fr\/wp-json\/wp\/v2\/product\/640232"}],"collection":[{"href":"https:\/\/shop.kustom.ch\/fr\/wp-json\/wp\/v2\/product"}],"about":[{"href":"https:\/\/shop.kustom.ch\/fr\/wp-json\/wp\/v2\/types\/product"}],"wp:featuredmedia":[{"embeddable":true,"href":"https:\/\/shop.kustom.ch\/fr\/wp-json\/wp\/v2\/media\/478958"}],"wp:attachment":[{"href":"https:\/\/shop.kustom.ch\/fr\/wp-json\/wp\/v2\/media?parent=640232"}],"wp:term":[{"taxonomy":"product_brand","embeddable":true,"href":"https:\/\/shop.kustom.ch\/fr\/wp-json\/wp\/v2\/product_brand?post=640232"},{"taxonomy":"product_cat","embeddable":true,"href":"https:\/\/shop.kustom.ch\/fr\/wp-json\/wp\/v2\/product_cat?post=640232"},{"taxonomy":"product_tag","embeddable":true,"href":"https:\/\/shop.kustom.ch\/fr\/wp-json\/wp\/v2\/product_tag?post=640232"}],"curies":[{"name":"wp","href":"https:\/\/api.w.org\/{rel}","templated":true}]}}