{"id":640111,"date":"2025-03-22T04:06:19","date_gmt":"2025-03-22T03:06:19","guid":{"rendered":"https:\/\/shop.kustom.ch\/?post_type=product&#038;p=640111"},"modified":"2026-03-27T13:54:23","modified_gmt":"2026-03-27T12:54:23","slug":"rush-2-0-training-fz-pants-w","status":"publish","type":"product","link":"https:\/\/shop.kustom.ch\/fr\/produit\/rush-2-0-training-fz-pants-w\/","title":{"rendered":"Rush 2.0 Pantalon d'entra\u00eenement FZ W"},"content":{"rendered":"<p>Les Rush 2.0 Training Full Zip Pants sont des pantalons d'entra\u00eenement fonctionnels fabriqu\u00e9s dans un tissu tiss\u00e9 et extensible qui assure une \u00e9vacuation efficace de l'humidit\u00e9 lors des s\u00e9ances d'entra\u00eenement intensives. La version 2.0 a \u00e9t\u00e9 mise \u00e0 jour avec un nouveau tissu \u00e0 l'\u00e9lasticit\u00e9 accrue pour une plus grande libert\u00e9 de mouvement et un meilleur confort. Fabriqu\u00e9 \u00e0 partir de polyester recycl\u00e9, ce v\u00eatement fait partie de la nouvelle g\u00e9n\u00e9ration de v\u00eatements de sport \u00e0 l'empreinte \u00e9cologique r\u00e9duite. En outre, le pantalon dispose de deux poches lat\u00e9rales et d'une fermeture \u00e9clair lat\u00e9rale sur toute la longueur pour faciliter l'habillage et le d\u00e9shabillage. Parfait pour le branding avec les logos des clubs, des sponsors ou des entreprises.<\/p>\n<p>- Tissu tiss\u00e9 en polyester recycl\u00e9<br \/>\n- fermeture \u00e9clair lat\u00e9rale sur toute la longueur<br \/>\n- cordon de serrage \u00e0 la taille pour un ajustement optimal<br \/>\n- Deux poches lat\u00e9rales<br \/>\n- Coupe normale<\/p>\n<p>Mati\u00e8re : 100% polyester recycl\u00e9<\/p>","protected":false},"excerpt":{"rendered":"<p>Die Rush 2.0 Training Full Zip Pants sind funktionelle Trainingshosen aus einem gewebten, dehnbaren Stoff, der bei intensiven Trainingseinheiten einen effizienten Feuchtigkeitstransport gew\u00e4hrleistet. Die Version 2.0 wurde mit einem neuen Material mit h\u00f6herer Elastizit\u00e4t f\u00fcr mehr Bewegungsfreiheit und mehr Komfort aktualisiert. Dieses aus recyceltem Polyester gefertigte Kleidungsst\u00fcck geh\u00f6rt zur neuen Generation von Sportbekleidung mit einem [&hellip;]<\/p>\n","protected":false},"featured_media":482209,"template":"","meta":[],"product_brand":[],"product_cat":[4185],"product_tag":[],"class_list":{"0":"post-640111","1":"product","2":"type-product","3":"status-publish","4":"has-post-thumbnail","6":"product_cat-hosen","7":"pa_brand-craft-teamwear","8":"pa_brand-type-sportswear","9":"pa_filter-color-schwarz","11":"first","12":"instock","13":"sale","14":"taxable","15":"shipping-taxable","16":"purchasable","17":"product-type-variable","18":"add-to-wishlist-before_image"},"exclude_global_add_ons":[],"addons":[],"acf":[],"_links":{"self":[{"href":"https:\/\/shop.kustom.ch\/fr\/wp-json\/wp\/v2\/product\/640111"}],"collection":[{"href":"https:\/\/shop.kustom.ch\/fr\/wp-json\/wp\/v2\/product"}],"about":[{"href":"https:\/\/shop.kustom.ch\/fr\/wp-json\/wp\/v2\/types\/product"}],"wp:featuredmedia":[{"embeddable":true,"href":"https:\/\/shop.kustom.ch\/fr\/wp-json\/wp\/v2\/media\/482209"}],"wp:attachment":[{"href":"https:\/\/shop.kustom.ch\/fr\/wp-json\/wp\/v2\/media?parent=640111"}],"wp:term":[{"taxonomy":"product_brand","embeddable":true,"href":"https:\/\/shop.kustom.ch\/fr\/wp-json\/wp\/v2\/product_brand?post=640111"},{"taxonomy":"product_cat","embeddable":true,"href":"https:\/\/shop.kustom.ch\/fr\/wp-json\/wp\/v2\/product_cat?post=640111"},{"taxonomy":"product_tag","embeddable":true,"href":"https:\/\/shop.kustom.ch\/fr\/wp-json\/wp\/v2\/product_tag?post=640111"}],"curies":[{"name":"wp","href":"https:\/\/api.w.org\/{rel}","templated":true}]}}