{"id":640072,"date":"2025-03-22T04:05:50","date_gmt":"2025-03-22T03:05:50","guid":{"rendered":"https:\/\/shop.kustom.ch\/?post_type=product&#038;p=640072"},"modified":"2026-03-27T13:41:50","modified_gmt":"2026-03-27T12:41:50","slug":"rush-2-0-tights-m","status":"publish","type":"product","link":"https:\/\/shop.kustom.ch\/fr\/produit\/rush-2-0-tights-m\/","title":{"rendered":"Rush 2.0 Collants M"},"content":{"rendered":"<p>Les collants Rush 2.0 sont des collants l\u00e9gers et \u00e9lastiques qui assurent une \u00e9vacuation efficace de l'humidit\u00e9 et une grande libert\u00e9 de mouvement lors d'activit\u00e9s physiques intenses comme l'athl\u00e9tisme et la gymnastique. Fabriqu\u00e9 \u00e0 partir de polyester recycl\u00e9, ce v\u00eatement fait partie de la nouvelle g\u00e9n\u00e9ration de v\u00eatements de sport \u00e0 l'empreinte \u00e9cologique r\u00e9duite. Parfait pour le branding avec les logos des clubs, des sponsors ou des entreprises.<\/p>\n<p>- Fabriqu\u00e9 \u00e0 partir de polyester recycl\u00e9<br \/>\n- Cordon de serrage \u00e0 l'ourlet pour un ajustement optimal<br \/>\n- Un design clair<\/p>\n<p>Mati\u00e8re : 92% polyester recycl\u00e9, 8% \u00e9lasthanne<\/p>","protected":false},"excerpt":{"rendered":"<p>Rush 2.0 Tights sind leichte und elastische Strumpfhosen, die einen effizienten Feuchtigkeitstransport und grosse Bewegungsfreiheit bei intensiven k\u00f6rperlichen Aktivit\u00e4ten wie Leichtathletik und Gymnastik gew\u00e4hrleisten. Dieses aus recyceltem Polyester gefertigte Kleidungsst\u00fcck geh\u00f6rt zur neuen Generation von Sportbekleidung mit einem geringeren \u00f6kologischen Fussabdruck. Perfekt f\u00fcr das Branding mit Vereins-, Sponsoren- oder Firmenlogos. \u2022 Hergestellt aus recyceltem Polyester [&hellip;]<\/p>\n","protected":false},"featured_media":630104,"template":"","meta":[],"product_brand":[],"product_cat":[4190],"product_tag":[],"class_list":{"0":"post-640072","1":"product","2":"type-product","3":"status-publish","4":"has-post-thumbnail","6":"product_cat-leggings","7":"pa_brand-craft-teamwear","8":"pa_brand-type-sportswear","9":"pa_filter-color-blau","10":"pa_filter-color-schwarz","12":"first","13":"instock","14":"sale","15":"taxable","16":"shipping-taxable","17":"purchasable","18":"product-type-variable","19":"add-to-wishlist-before_image"},"exclude_global_add_ons":[],"addons":[],"acf":[],"_links":{"self":[{"href":"https:\/\/shop.kustom.ch\/fr\/wp-json\/wp\/v2\/product\/640072"}],"collection":[{"href":"https:\/\/shop.kustom.ch\/fr\/wp-json\/wp\/v2\/product"}],"about":[{"href":"https:\/\/shop.kustom.ch\/fr\/wp-json\/wp\/v2\/types\/product"}],"wp:featuredmedia":[{"embeddable":true,"href":"https:\/\/shop.kustom.ch\/fr\/wp-json\/wp\/v2\/media\/630104"}],"wp:attachment":[{"href":"https:\/\/shop.kustom.ch\/fr\/wp-json\/wp\/v2\/media?parent=640072"}],"wp:term":[{"taxonomy":"product_brand","embeddable":true,"href":"https:\/\/shop.kustom.ch\/fr\/wp-json\/wp\/v2\/product_brand?post=640072"},{"taxonomy":"product_cat","embeddable":true,"href":"https:\/\/shop.kustom.ch\/fr\/wp-json\/wp\/v2\/product_cat?post=640072"},{"taxonomy":"product_tag","embeddable":true,"href":"https:\/\/shop.kustom.ch\/fr\/wp-json\/wp\/v2\/product_tag?post=640072"}],"curies":[{"name":"wp","href":"https:\/\/api.w.org\/{rel}","templated":true}]}}