{"id":639938,"date":"2025-03-22T04:04:52","date_gmt":"2025-03-22T03:04:52","guid":{"rendered":"https:\/\/shop.kustom.ch\/?post_type=product&#038;p=639938"},"modified":"2026-03-27T13:25:21","modified_gmt":"2026-03-27T12:25:21","slug":"rush-2-0-shorts-w","status":"publish","type":"product","link":"https:\/\/shop.kustom.ch\/fr\/produit\/rush-2-0-shorts-w\/","title":{"rendered":"Rush 2.0 Short W"},"content":{"rendered":"<p>Le short Rush 2.0 est un short l\u00e9ger en tissu tiss\u00e9 extensible qui assure une \u00e9vacuation efficace de l'humidit\u00e9 pendant les s\u00e9ances d'entra\u00eenement intensives. <\/p>\n<p>La version 2.0 a \u00e9t\u00e9 mise \u00e0 jour avec un nouveau mat\u00e9riau \u00e0 l'\u00e9lasticit\u00e9 accrue pour une plus grande libert\u00e9 de mouvement et un meilleur confort. Ce v\u00eatement, fabriqu\u00e9 \u00e0 partir de polyester recycl\u00e9, repr\u00e9sente la nouvelle g\u00e9n\u00e9ration de v\u00eatements de sport con\u00e7us pour r\u00e9duire l'empreinte \u00e9cologique. Parfait pour le branding avec le logo du club, du sponsor ou de l'entreprise.<\/p>\n<p>- Tissu en polyester recycl\u00e9<br \/>\n- Mise \u00e0 jour avec un nouveau mat\u00e9riau plus \u00e9lastique<br \/>\n- cordon de serrage \u00e0 la taille pour un ajustement optimal<br \/>\n- Un design clair<\/p>\n<p>Mati\u00e8re : 100% polyester recycl\u00e9<\/p>","protected":false},"excerpt":{"rendered":"<p>Rush 2.0 Shorts sind leichte Shorts aus dehnbarem, gewebtem Stoff, der bei intensiven Trainingseinheiten f\u00fcr einen effizienten Feuchtigkeitstransport sorgt. Die Version 2.0 wurde mit einem neuen Material mit h\u00f6herer Elastizit\u00e4t f\u00fcr mehr Bewegungsfreiheit und h\u00f6heren Komfort aktualisiert. Dieses aus recyceltem Polyester hergestellte Kleidungsst\u00fcck repr\u00e4sentiert die neue Generation von Sportbekleidung, die darauf ausgelegt ist, den \u00f6kologischen [&hellip;]<\/p>\n","protected":false},"featured_media":629973,"template":"","meta":[],"product_brand":[],"product_cat":[4198],"product_tag":[],"class_list":{"0":"post-639938","1":"product","2":"type-product","3":"status-publish","4":"has-post-thumbnail","6":"product_cat-shorts","7":"pa_brand-craft-teamwear","8":"pa_brand-type-sportswear","9":"pa_filter-color-schwarz","11":"first","12":"instock","13":"sale","14":"taxable","15":"shipping-taxable","16":"purchasable","17":"product-type-variable","18":"add-to-wishlist-before_image"},"exclude_global_add_ons":[],"addons":[],"acf":[],"_links":{"self":[{"href":"https:\/\/shop.kustom.ch\/fr\/wp-json\/wp\/v2\/product\/639938"}],"collection":[{"href":"https:\/\/shop.kustom.ch\/fr\/wp-json\/wp\/v2\/product"}],"about":[{"href":"https:\/\/shop.kustom.ch\/fr\/wp-json\/wp\/v2\/types\/product"}],"wp:featuredmedia":[{"embeddable":true,"href":"https:\/\/shop.kustom.ch\/fr\/wp-json\/wp\/v2\/media\/629973"}],"wp:attachment":[{"href":"https:\/\/shop.kustom.ch\/fr\/wp-json\/wp\/v2\/media?parent=639938"}],"wp:term":[{"taxonomy":"product_brand","embeddable":true,"href":"https:\/\/shop.kustom.ch\/fr\/wp-json\/wp\/v2\/product_brand?post=639938"},{"taxonomy":"product_cat","embeddable":true,"href":"https:\/\/shop.kustom.ch\/fr\/wp-json\/wp\/v2\/product_cat?post=639938"},{"taxonomy":"product_tag","embeddable":true,"href":"https:\/\/shop.kustom.ch\/fr\/wp-json\/wp\/v2\/product_tag?post=639938"}],"curies":[{"name":"wp","href":"https:\/\/api.w.org\/{rel}","templated":true}]}}