{"id":639877,"date":"2025-03-22T04:04:19","date_gmt":"2025-03-22T03:04:19","guid":{"rendered":"https:\/\/shop.kustom.ch\/?post_type=product&#038;p=639877"},"modified":"2026-03-27T13:30:47","modified_gmt":"2026-03-27T12:30:47","slug":"rush-2-0-marathon-shorts-w","status":"publish","type":"product","link":"https:\/\/shop.kustom.ch\/fr\/produit\/rush-2-0-marathon-shorts-w\/","title":{"rendered":"Rush 2.0 Marathon Shorts W"},"content":{"rendered":"<p>Le short Rush 2.0 Marathon est un short l\u00e9ger et \u00e9lastique avec des fentes sur les c\u00f4t\u00e9s qui assurent une \u00e9vacuation efficace de l'humidit\u00e9 pendant les longues courses. La version 2.0 a \u00e9t\u00e9 mise \u00e0 jour avec un nouveau tissu tiss\u00e9 \u00e0 l'\u00e9lasticit\u00e9 accrue pour offrir une plus grande libert\u00e9 de mouvement et un meilleur confort. Fabriqu\u00e9 \u00e0 partir de polyester recycl\u00e9, ce v\u00eatement fait partie de la nouvelle g\u00e9n\u00e9ration de v\u00eatements de sport \u00e0 l'empreinte \u00e9cologique r\u00e9duite. Parfait pour le branding avec le logo du club, du sponsor ou de l'entreprise.<\/p>\n<p>- Tissu tiss\u00e9 en polyester recycl\u00e9<br \/>\n- Mise \u00e0 jour avec un nouveau mat\u00e9riau plus \u00e9lastique<br \/>\n- Fentes sur les c\u00f4t\u00e9s<br \/>\n- Cordon de serrage \u00e0 l'ourlet pour un ajustement optimal<br \/>\n- Un design clair<\/p>\n<p>Mati\u00e8re : 100% polyester recycl\u00e9<\/p>","protected":false},"excerpt":{"rendered":"<p>Die Rush 2.0 Marathon Shorts sind leichte, elastische Shorts mit Schlitzen an den Seiten, die bei langen L\u00e4ufen einen effizienten Feuchtigkeitstransport gew\u00e4hrleisten. Die Version 2.0 wurde mit einem neuen gewebten Stoff mit h\u00f6herer Elastizit\u00e4t aktualisiert, um mehr Bewegungsfreiheit und mehr Komfort zu bieten. Dieses aus recyceltem Polyester gefertigte Kleidungsst\u00fcck geh\u00f6rt zur neuen Generation von Sportbekleidung [&hellip;]<\/p>\n","protected":false},"featured_media":478974,"template":"","meta":[],"product_brand":[],"product_cat":[4198],"product_tag":[],"class_list":{"0":"post-639877","1":"product","2":"type-product","3":"status-publish","4":"has-post-thumbnail","6":"product_cat-shorts","7":"pa_brand-craft-teamwear","8":"pa_brand-type-sportswear","9":"pa_filter-color-schwarz","11":"first","12":"instock","13":"sale","14":"taxable","15":"shipping-taxable","16":"purchasable","17":"product-type-variable","18":"add-to-wishlist-before_image"},"exclude_global_add_ons":[],"addons":[],"acf":[],"_links":{"self":[{"href":"https:\/\/shop.kustom.ch\/fr\/wp-json\/wp\/v2\/product\/639877"}],"collection":[{"href":"https:\/\/shop.kustom.ch\/fr\/wp-json\/wp\/v2\/product"}],"about":[{"href":"https:\/\/shop.kustom.ch\/fr\/wp-json\/wp\/v2\/types\/product"}],"wp:featuredmedia":[{"embeddable":true,"href":"https:\/\/shop.kustom.ch\/fr\/wp-json\/wp\/v2\/media\/478974"}],"wp:attachment":[{"href":"https:\/\/shop.kustom.ch\/fr\/wp-json\/wp\/v2\/media?parent=639877"}],"wp:term":[{"taxonomy":"product_brand","embeddable":true,"href":"https:\/\/shop.kustom.ch\/fr\/wp-json\/wp\/v2\/product_brand?post=639877"},{"taxonomy":"product_cat","embeddable":true,"href":"https:\/\/shop.kustom.ch\/fr\/wp-json\/wp\/v2\/product_cat?post=639877"},{"taxonomy":"product_tag","embeddable":true,"href":"https:\/\/shop.kustom.ch\/fr\/wp-json\/wp\/v2\/product_tag?post=639877"}],"curies":[{"name":"wp","href":"https:\/\/api.w.org\/{rel}","templated":true}]}}